{"id":34,"date":"2023-05-22T09:13:22","date_gmt":"2023-05-22T09:13:22","guid":{"rendered":"https:\/\/staging.dpower.se\/?page_id=34"},"modified":"2024-04-09T13:50:17","modified_gmt":"2024-04-09T11:50:17","slug":"serviceverkstad","status":"publish","type":"page","link":"https:\/\/www.dpower.se\/sv\/engine-service-and-dealers\/service-workshop\/","title":{"rendered":"Serviceverkstad"},"content":{"rendered":"<div data-elementor-type=\"wp-page\" data-elementor-id=\"34\" class=\"elementor elementor-34\" data-elementor-post-type=\"page\">\n\t\t\t\t<div class=\"elementor-element elementor-element-ff76229 e-flex e-con-boxed e-con e-parent\" data-id=\"ff76229\" data-element_type=\"container\" data-e-type=\"container\">\n\t\t\t\t\t<div class=\"e-con-inner\">\n\t\t<div class=\"elementor-element elementor-element-fd67f01 e-flex e-con-boxed e-con e-child\" data-id=\"fd67f01\" data-element_type=\"container\" data-e-type=\"container\">\n\t\t\t\t\t<div class=\"e-con-inner\">\n\t\t<div class=\"elementor-element elementor-element-610ada2 e-con-full e-flex e-con e-child\" data-id=\"610ada2\" data-element_type=\"container\" data-e-type=\"container\">\n\t\t\t\t<div class=\"elementor-element elementor-element-798ed84 elementor-widget elementor-widget-heading\" data-id=\"798ed84\" data-element_type=\"widget\" data-e-type=\"widget\" data-widget_type=\"heading.default\">\n\t\t\t\t<div class=\"elementor-widget-container\">\n\t\t\t\t\t<h1 class=\"elementor-heading-title elementor-size-default\">Skapa excellens i varje tj\u00e4nst<\/h1>\t\t\t\t<\/div>\n\t\t\t\t<\/div>\n\t\t\t\t<div class=\"elementor-element elementor-element-76e059d elementor-widget__width-initial elementor-widget elementor-widget-text-editor\" data-id=\"76e059d\" data-element_type=\"widget\" data-e-type=\"widget\" data-widget_type=\"text-editor.default\">\n\t\t\t\t<div class=\"elementor-widget-container\">\n\t\t\t\t\t\t\t\t\t<p>P\u00e5 v\u00e5r serviceverkstad \u00e4r vi dedikerade till att skapa excellens i varje tj\u00e4nst vi tillhandah\u00e5ller. V\u00e5rt teams engagemang f\u00f6r precision och kundn\u00f6jdhet s\u00e4kerst\u00e4ller att dina behov inte bara uppfylls utan \u00f6vertr\u00e4ffas. Utforska v\u00e5rt utbud av tj\u00e4nster och upplev skillnaden med \u00e4kta hantverkskunnande.<\/p>\t\t\t\t\t\t\t\t<\/div>\n\t\t\t\t<\/div>\n\t\t\t\t<div data-dce-background-color=\"#00778B\" class=\"elementor-element elementor-element-6875783 elementor-widget elementor-widget-button\" data-id=\"6875783\" data-element_type=\"widget\" data-e-type=\"widget\" data-widget_type=\"button.default\">\n\t\t\t\t<div class=\"elementor-widget-container\">\n\t\t\t\t\t\t\t\t\t<div class=\"elementor-button-wrapper\">\n\t\t\t\t\t<a class=\"elementor-button elementor-button-link elementor-size-sm\" href=\"https:\/\/www.dpower.se\/sv\/kontakta-oss\/\">\n\t\t\t\t\t\t<span class=\"elementor-button-content-wrapper\">\n\t\t\t\t\t\t<span class=\"elementor-button-icon\">\n\t\t\t\t<i aria-hidden=\"true\" class=\"far fa-arrow-right\"><\/i>\t\t\t<\/span>\n\t\t\t\t\t\t\t\t\t<span class=\"elementor-button-text\">Kontakta oss idag<\/span>\n\t\t\t\t\t<\/span>\n\t\t\t\t\t<\/a>\n\t\t\t\t<\/div>\n\t\t\t\t\t\t\t\t<\/div>\n\t\t\t\t<\/div>\n\t\t\t\t<\/div>\n\t\t<div class=\"elementor-element elementor-element-0157382 e-flex e-con-boxed e-con e-child\" data-id=\"0157382\" data-element_type=\"container\" data-e-type=\"container\">\n\t\t\t\t\t<div class=\"e-con-inner\">\n\t\t\t\t<div class=\"elementor-element elementor-element-371fe04 dce_masking-none elementor-widget elementor-widget-image\" data-id=\"371fe04\" data-element_type=\"widget\" data-e-type=\"widget\" data-widget_type=\"image.default\">\n\t\t\t\t<div class=\"elementor-widget-container\">\n\t\t\t\t\t\t\t\t\t\t\t\t\t\t\t<img fetchpriority=\"high\" decoding=\"async\" width=\"800\" height=\"533\" src=\"https:\/\/www.dpower.se\/wp-content\/uploads\/2023\/09\/dpower-service-workshop2-1024x682.jpg\" class=\"attachment-large size-large wp-image-29413\" alt=\"\" srcset=\"https:\/\/www.dpower.se\/wp-content\/uploads\/2023\/09\/dpower-service-workshop2-1024x682.jpg 1024w, https:\/\/www.dpower.se\/wp-content\/uploads\/2023\/09\/dpower-service-workshop2-300x200.jpg 300w, https:\/\/www.dpower.se\/wp-content\/uploads\/2023\/09\/dpower-service-workshop2-768x511.jpg 768w, https:\/\/www.dpower.se\/wp-content\/uploads\/2023\/09\/dpower-service-workshop2-1536x1022.jpg 1536w, https:\/\/www.dpower.se\/wp-content\/uploads\/2023\/09\/dpower-service-workshop2.jpg 1600w\" sizes=\"(max-width: 800px) 100vw, 800px\" \/>\t\t\t\t\t\t\t\t\t\t\t\t\t\t\t<\/div>\n\t\t\t\t<\/div>\n\t\t\t\t\t<\/div>\n\t\t\t\t<\/div>\n\t\t\t\t\t<\/div>\n\t\t\t\t<\/div>\n\t\t\t\t\t<\/div>\n\t\t\t\t<\/div>\n\t\t<div class=\"elementor-element elementor-element-8d84ce3 e-flex e-con-boxed e-con e-parent\" data-id=\"8d84ce3\" data-element_type=\"container\" data-e-type=\"container\" data-settings=\"{&quot;background_background&quot;:&quot;classic&quot;}\">\n\t\t\t\t\t<div class=\"e-con-inner\">\n\t\t<div class=\"elementor-element elementor-element-f3cf4f5 e-grid e-con-boxed e-con e-child\" data-id=\"f3cf4f5\" data-element_type=\"container\" data-e-type=\"container\">\n\t\t\t\t\t<div class=\"e-con-inner\">\n\t\t\t\t<div class=\"elementor-element elementor-element-c243197 elementor-position-inline-start elementor-view-default elementor-mobile-position-block-start elementor-widget elementor-widget-icon-box\" data-id=\"c243197\" data-element_type=\"widget\" data-e-type=\"widget\" data-widget_type=\"icon-box.default\">\n\t\t\t\t<div class=\"elementor-widget-container\">\n\t\t\t\t\t\t\t<div class=\"elementor-icon-box-wrapper\">\n\n\t\t\t\t\t\t<div class=\"elementor-icon-box-icon\">\n\t\t\t\t<span  class=\"elementor-icon\">\n\t\t\t\t<i aria-hidden=\"true\" class=\"fal fa-stars\"><\/i>\t\t\t\t<\/span>\n\t\t\t<\/div>\n\t\t\t\n\t\t\t\t\t\t<div class=\"elementor-icon-box-content\">\n\n\t\t\t\t\t\t\t\t\t<h4 class=\"elementor-icon-box-title\">\n\t\t\t\t\t\t<span  >\n\t\t\t\t\t\t\tLadda din motor med turbo\t\t\t\t\t\t<\/span>\n\t\t\t\t\t<\/h4>\n\t\t\t\t\n\t\t\t\t\t\t\t\t\t<p class=\"elementor-icon-box-description\">\n\t\t\t\t\t\tP\u00e5 v\u00e5rt f\u00f6retag \u00e4r vi m\u00e4stare p\u00e5 motorer. V\u00e5r omfattande kunskap g\u00f6r det m\u00f6jligt f\u00f6r oss att tillhandah\u00e5lla f\u00f6rstklassig teknisk support. Och vi g\u00f6r det inte ensamma - vi arbetar hand i hand med v\u00e5ra servicepartners och distribut\u00f6rer f\u00f6r att se till att v\u00e5ra kunder f\u00e5r b\u00e4sta m\u00f6jliga hj\u00e4lp.\t\t\t\t\t<\/p>\n\t\t\t\t\n\t\t\t<\/div>\n\t\t\t\n\t\t<\/div>\n\t\t\t\t\t\t<\/div>\n\t\t\t\t<\/div>\n\t\t\t\t<div class=\"elementor-element elementor-element-56fe12c elementor-position-inline-start elementor-view-default elementor-mobile-position-block-start elementor-widget elementor-widget-icon-box\" data-id=\"56fe12c\" data-element_type=\"widget\" data-e-type=\"widget\" data-widget_type=\"icon-box.default\">\n\t\t\t\t<div class=\"elementor-widget-container\">\n\t\t\t\t\t\t\t<div class=\"elementor-icon-box-wrapper\">\n\n\t\t\t\t\t\t<div class=\"elementor-icon-box-icon\">\n\t\t\t\t<span  class=\"elementor-icon\">\n\t\t\t\t<i aria-hidden=\"true\" class=\"fal fa-route\"><\/i>\t\t\t\t<\/span>\n\t\t\t<\/div>\n\t\t\t\n\t\t\t\t\t\t<div class=\"elementor-icon-box-content\">\n\n\t\t\t\t\t\t\t\t\t<h4 class=\"elementor-icon-box-title\">\n\t\t\t\t\t\t<span  >\n\t\t\t\t\t\t\tL\u00e4ttillg\u00e4nglig\t\t\t\t\t\t<\/span>\n\t\t\t\t\t<\/h4>\n\t\t\t\t\n\t\t\t\t\t\t\t\t\t<p class=\"elementor-icon-box-description\">\n\t\t\t\t\t\tDpower har ett omfattande n\u00e4tverk av auktoriserade \u00e5terf\u00f6rs\u00e4ljare som \u00e4r redo att hj\u00e4lpa dig med service och installationer. Vi har ocks\u00e5 en s\u00e4rskild verkstad f\u00f6r motorer f\u00f6r kommersiella till\u00e4mpningar.\t\t\t\t\t<\/p>\n\t\t\t\t\n\t\t\t<\/div>\n\t\t\t\n\t\t<\/div>\n\t\t\t\t\t\t<\/div>\n\t\t\t\t<\/div>\n\t\t\t\t<div class=\"elementor-element elementor-element-737707c elementor-position-inline-start elementor-view-default elementor-mobile-position-block-start elementor-widget elementor-widget-icon-box\" data-id=\"737707c\" data-element_type=\"widget\" data-e-type=\"widget\" data-widget_type=\"icon-box.default\">\n\t\t\t\t<div class=\"elementor-widget-container\">\n\t\t\t\t\t\t\t<div class=\"elementor-icon-box-wrapper\">\n\n\t\t\t\t\t\t<div class=\"elementor-icon-box-icon\">\n\t\t\t\t<span  class=\"elementor-icon\">\n\t\t\t\t<i aria-hidden=\"true\" class=\"fal fa-shipping-fast\"><\/i>\t\t\t\t<\/span>\n\t\t\t<\/div>\n\t\t\t\n\t\t\t\t\t\t<div class=\"elementor-icon-box-content\">\n\n\t\t\t\t\t\t\t\t\t<h4 class=\"elementor-icon-box-title\">\n\t\t\t\t\t\t<span  >\n\t\t\t\t\t\t\tSnabba leveranser\t\t\t\t\t\t<\/span>\n\t\t\t\t\t<\/h4>\n\t\t\t\t\n\t\t\t\t\t\t\t\t\t<p class=\"elementor-icon-box-description\">\n\t\t\t\t\t\tMed ett stort lager av produkter kan vi snabbt leverera motorer och reservdelar direkt fr\u00e5n v\u00e5rt lager i Kungsbacka.\t\t\t\t\t<\/p>\n\t\t\t\t\n\t\t\t<\/div>\n\t\t\t\n\t\t<\/div>\n\t\t\t\t\t\t<\/div>\n\t\t\t\t<\/div>\n\t\t\t\t\t<\/div>\n\t\t\t\t<\/div>\n\t\t\t\t\t<\/div>\n\t\t\t\t<\/div>\n\t\t<div class=\"elementor-element elementor-element-69023846 e-flex e-con-boxed e-con e-parent\" data-id=\"69023846\" data-element_type=\"container\" data-e-type=\"container\">\n\t\t\t\t\t<div class=\"e-con-inner\">\n\t\t<div class=\"elementor-element elementor-element-66493415 e-con-full e-flex e-con e-child\" data-id=\"66493415\" data-element_type=\"container\" data-e-type=\"container\">\n\t\t\t\t<div class=\"elementor-element elementor-element-3e1244c5 elementor-widget elementor-widget-heading\" data-id=\"3e1244c5\" data-element_type=\"widget\" data-e-type=\"widget\" data-widget_type=\"heading.default\">\n\t\t\t\t<div class=\"elementor-widget-container\">\n\t\t\t\t\t<h3 class=\"elementor-heading-title elementor-size-default\">Beh\u00f6ver du hj\u00e4lp? <\/h3>\t\t\t\t<\/div>\n\t\t\t\t<\/div>\n\t\t\t\t<div class=\"elementor-element elementor-element-54818d07 elementor-widget elementor-widget-text-editor\" data-id=\"54818d07\" data-element_type=\"widget\" data-e-type=\"widget\" data-widget_type=\"text-editor.default\">\n\t\t\t\t<div class=\"elementor-widget-container\">\n\t\t\t\t\t\t\t\t\t<p>Har du en fr\u00e5ga om underh\u00e5ll av din utrustning? Undrar du om garantiskydd? Beh\u00f6ver du hj\u00e4lp med reparationsalternativ? Ann-Sofie \u00e4r h\u00e4r f\u00f6r att hj\u00e4lpa till! Med sin expertis och sitt engagemang f\u00f6r kundn\u00f6jdhet \u00e4r hon din kontaktperson f\u00f6r allt som har med service att g\u00f6ra.<\/p><p><strong>Vill du veta mer? Kontakta\u00a0<a href=\"mailto:ann-sofie@dpower.se\">Ann-Sofie<\/a> p\u00e5 Dpower<\/strong><\/p>\t\t\t\t\t\t\t\t<\/div>\n\t\t\t\t<\/div>\n\t\t\t\t<\/div>\n\t\t<div class=\"elementor-element elementor-element-32e99f6b e-con-full e-flex e-con e-child\" data-id=\"32e99f6b\" data-element_type=\"container\" data-e-type=\"container\" data-settings=\"{&quot;background_background&quot;:&quot;classic&quot;}\">\n\t\t\t\t<div class=\"elementor-element elementor-element-68ee6d4f dce_masking-clippath elementor-position-left elementor-vertical-align-top elementor-widget elementor-widget-image-box\" data-id=\"68ee6d4f\" data-element_type=\"widget\" data-e-type=\"widget\" data-widget_type=\"image-box.default\">\n\t\t\t\t<div class=\"elementor-widget-container\">\n\t\t\t\t\t<div class=\"elementor-image-box-wrapper\"><figure class=\"elementor-image-box-img\"><a href=\"mailto:jimmy.otter@dpower.se\" tabindex=\"-1\"><img decoding=\"async\" width=\"676\" height=\"676\" src=\"https:\/\/www.dpower.se\/wp-content\/uploads\/2023\/10\/dpower-Ann-Sofie-Axelsson.jpg\" class=\"attachment-full size-full wp-image-29872\" alt=\"Ann-Sofie Axelsson\" srcset=\"https:\/\/www.dpower.se\/wp-content\/uploads\/2023\/10\/dpower-Ann-Sofie-Axelsson.jpg 676w, https:\/\/www.dpower.se\/wp-content\/uploads\/2023\/10\/dpower-Ann-Sofie-Axelsson-300x300.jpg 300w, https:\/\/www.dpower.se\/wp-content\/uploads\/2023\/10\/dpower-Ann-Sofie-Axelsson-150x150.jpg 150w\" sizes=\"(max-width: 676px) 100vw, 676px\" \/><\/a><\/figure><div class=\"elementor-image-box-content\"><h4 class=\"elementor-image-box-title\"><a href=\"mailto:jimmy.otter@dpower.se\">Ann-Sofie Axelsson<\/a><\/h4><p class=\"elementor-image-box-description\"><strong>Service Coordinator<\/strong><br>\n<a href=\"mailto:ann-sofie@dpower.se\">ann-sofie@dpower.se<\/a><br>\nTfn. 46 (0)31-748 62 16<br>\nMobil: 46 (0)705-68 57 23\n\n<\/p><\/div><\/div>\t\t\t\t<\/div>\n\t\t\t\t<\/div>\n\t\t\t\t<\/div>\n\t\t\t\t\t<\/div>\n\t\t\t\t<\/div>\n\t\t\t\t<\/div>","protected":false},"excerpt":{"rendered":"<p>Crafting excellence in every service At our Service Workshop, we are dedicated to crafting excellence in every service we provide. Our team&#8217;s commitment to precision and customer satisfaction ensures that your needs are not only met but exceeded. Explore our range of services and experience the difference of true craftsmanship. Contact us today Turbocharge Your [&hellip;]<\/p>\n","protected":false},"author":1,"featured_media":29277,"parent":30,"menu_order":0,"comment_status":"closed","ping_status":"closed","template":"","meta":{"_acf_changed":false,"footnotes":""},"class_list":["post-34","page","type-page","status-publish","has-post-thumbnail","hentry"],"acf":[],"yoast_head":"<!-- This site is optimized with the Yoast SEO Premium plugin v27.2 (Yoast SEO v27.4) - https:\/\/yoast.com\/product\/yoast-seo-premium-wordpress\/ -->\n<title>Service Workshop - Dpower<\/title>\n<meta name=\"robots\" content=\"index, follow, max-snippet:-1, max-image-preview:large, max-video-preview:-1\" \/>\n<link rel=\"canonical\" href=\"https:\/\/www.dpower.se\/sv\/motorunderhall-och-aterforsaljare\/serviceverkstad\/\" \/>\n<meta property=\"og:locale\" content=\"sv_SE\" \/>\n<meta property=\"og:type\" content=\"article\" \/>\n<meta property=\"og:title\" content=\"Service Workshop\" \/>\n<meta property=\"og:description\" content=\"Crafting excellence in every service At our Service Workshop, we are dedicated to crafting excellence in every service we provide. Our team&#8217;s commitment to precision and customer satisfaction ensures that your needs are not only met but exceeded. Explore our range of services and experience the difference of true craftsmanship. Contact us today Turbocharge Your [&hellip;]\" \/>\n<meta property=\"og:url\" content=\"https:\/\/www.dpower.se\/sv\/motorunderhall-och-aterforsaljare\/serviceverkstad\/\" \/>\n<meta property=\"og:site_name\" content=\"Dpower\" \/>\n<meta property=\"article:publisher\" content=\"https:\/\/www.facebook.com\/dieselpowerab\" \/>\n<meta property=\"article:modified_time\" content=\"2024-04-09T11:50:17+00:00\" \/>\n<meta property=\"og:image\" content=\"https:\/\/www.dpower.se\/wp-content\/uploads\/2023\/09\/dpower-service-workshop.jpg\" \/>\n\t<meta property=\"og:image:width\" content=\"1200\" \/>\n\t<meta property=\"og:image:height\" content=\"590\" \/>\n\t<meta property=\"og:image:type\" content=\"image\/jpeg\" \/>\n<meta name=\"twitter:card\" content=\"summary_large_image\" \/>\n<meta name=\"twitter:label1\" content=\"Ber\u00e4knad l\u00e4stid\" \/>\n\t<meta name=\"twitter:data1\" content=\"1 minut\" \/>\n<script type=\"application\/ld+json\" class=\"yoast-schema-graph\">{\"@context\":\"https:\\\/\\\/schema.org\",\"@graph\":[{\"@type\":\"WebPage\",\"@id\":\"https:\\\/\\\/www.dpower.se\\\/engine-service-and-dealers\\\/service-workshop\\\/\",\"url\":\"https:\\\/\\\/www.dpower.se\\\/engine-service-and-dealers\\\/service-workshop\\\/\",\"name\":\"Service Workshop - Dpower\",\"isPartOf\":{\"@id\":\"https:\\\/\\\/www.dpower.se\\\/#website\"},\"primaryImageOfPage\":{\"@id\":\"https:\\\/\\\/www.dpower.se\\\/engine-service-and-dealers\\\/service-workshop\\\/#primaryimage\"},\"image\":{\"@id\":\"https:\\\/\\\/www.dpower.se\\\/engine-service-and-dealers\\\/service-workshop\\\/#primaryimage\"},\"thumbnailUrl\":\"https:\\\/\\\/www.dpower.se\\\/wp-content\\\/uploads\\\/2023\\\/09\\\/dpower-service-workshop.jpg\",\"datePublished\":\"2023-05-22T09:13:22+00:00\",\"dateModified\":\"2024-04-09T11:50:17+00:00\",\"breadcrumb\":{\"@id\":\"https:\\\/\\\/www.dpower.se\\\/engine-service-and-dealers\\\/service-workshop\\\/#breadcrumb\"},\"inLanguage\":\"sv-SE\",\"potentialAction\":[{\"@type\":\"ReadAction\",\"target\":[\"https:\\\/\\\/www.dpower.se\\\/engine-service-and-dealers\\\/service-workshop\\\/\"]}]},{\"@type\":\"ImageObject\",\"inLanguage\":\"sv-SE\",\"@id\":\"https:\\\/\\\/www.dpower.se\\\/engine-service-and-dealers\\\/service-workshop\\\/#primaryimage\",\"url\":\"https:\\\/\\\/www.dpower.se\\\/wp-content\\\/uploads\\\/2023\\\/09\\\/dpower-service-workshop.jpg\",\"contentUrl\":\"https:\\\/\\\/www.dpower.se\\\/wp-content\\\/uploads\\\/2023\\\/09\\\/dpower-service-workshop.jpg\",\"width\":1200,\"height\":590},{\"@type\":\"BreadcrumbList\",\"@id\":\"https:\\\/\\\/www.dpower.se\\\/engine-service-and-dealers\\\/service-workshop\\\/#breadcrumb\",\"itemListElement\":[{\"@type\":\"ListItem\",\"position\":1,\"name\":\"Home\",\"item\":\"https:\\\/\\\/www.dpower.se\\\/\"},{\"@type\":\"ListItem\",\"position\":2,\"name\":\"Service and Dealers\",\"item\":\"https:\\\/\\\/www.dpower.se\\\/engine-service-and-dealers\\\/\"},{\"@type\":\"ListItem\",\"position\":3,\"name\":\"Service Workshop\"}]},{\"@type\":\"WebSite\",\"@id\":\"https:\\\/\\\/www.dpower.se\\\/#website\",\"url\":\"https:\\\/\\\/www.dpower.se\\\/\",\"name\":\"Dpower\",\"description\":\"Delivering power since 1991\",\"publisher\":{\"@id\":\"https:\\\/\\\/www.dpower.se\\\/#organization\"},\"potentialAction\":[{\"@type\":\"SearchAction\",\"target\":{\"@type\":\"EntryPoint\",\"urlTemplate\":\"https:\\\/\\\/www.dpower.se\\\/?s={search_term_string}\"},\"query-input\":{\"@type\":\"PropertyValueSpecification\",\"valueRequired\":true,\"valueName\":\"search_term_string\"}}],\"inLanguage\":\"sv-SE\"},{\"@type\":\"Organization\",\"@id\":\"https:\\\/\\\/www.dpower.se\\\/#organization\",\"name\":\"Dpower AB\",\"url\":\"https:\\\/\\\/www.dpower.se\\\/\",\"logo\":{\"@type\":\"ImageObject\",\"inLanguage\":\"sv-SE\",\"@id\":\"https:\\\/\\\/www.dpower.se\\\/#\\\/schema\\\/logo\\\/image\\\/\",\"url\":\"https:\\\/\\\/www.dpower.se\\\/wp-content\\\/uploads\\\/2023\\\/05\\\/logo.png\",\"contentUrl\":\"https:\\\/\\\/www.dpower.se\\\/wp-content\\\/uploads\\\/2023\\\/05\\\/logo.png\",\"width\":300,\"height\":77,\"caption\":\"Dpower AB\"},\"image\":{\"@id\":\"https:\\\/\\\/www.dpower.se\\\/#\\\/schema\\\/logo\\\/image\\\/\"},\"sameAs\":[\"https:\\\/\\\/www.facebook.com\\\/dieselpowerab\",\"https:\\\/\\\/www.linkedin.com\\\/company\\\/diesel-power-ab\",\"https:\\\/\\\/www.instagram.com\\\/dpowerab\\\/\"]}]}<\/script>\n<!-- \/ Yoast SEO Premium plugin. -->","yoast_head_json":{"title":"Serviceverkstad - Dpower","robots":{"index":"index","follow":"follow","max-snippet":"max-snippet:-1","max-image-preview":"max-image-preview:large","max-video-preview":"max-video-preview:-1"},"canonical":"https:\/\/www.dpower.se\/sv\/motorunderhall-och-aterforsaljare\/serviceverkstad\/","og_locale":"sv_SE","og_type":"article","og_title":"Service Workshop","og_description":"Crafting excellence in every service At our Service Workshop, we are dedicated to crafting excellence in every service we provide. Our team&#8217;s commitment to precision and customer satisfaction ensures that your needs are not only met but exceeded. Explore our range of services and experience the difference of true craftsmanship. Contact us today Turbocharge Your [&hellip;]","og_url":"https:\/\/www.dpower.se\/sv\/motorunderhall-och-aterforsaljare\/serviceverkstad\/","og_site_name":"Dpower","article_publisher":"https:\/\/www.facebook.com\/dieselpowerab","article_modified_time":"2024-04-09T11:50:17+00:00","og_image":[{"width":1200,"height":590,"url":"https:\/\/www.dpower.se\/wp-content\/uploads\/2023\/09\/dpower-service-workshop.jpg","type":"image\/jpeg"}],"twitter_card":"summary_large_image","twitter_misc":{"Ber\u00e4knad l\u00e4stid":"1 minut"},"schema":{"@context":"https:\/\/schema.org","@graph":[{"@type":"WebPage","@id":"https:\/\/www.dpower.se\/engine-service-and-dealers\/service-workshop\/","url":"https:\/\/www.dpower.se\/engine-service-and-dealers\/service-workshop\/","name":"Serviceverkstad - Dpower","isPartOf":{"@id":"https:\/\/www.dpower.se\/#website"},"primaryImageOfPage":{"@id":"https:\/\/www.dpower.se\/engine-service-and-dealers\/service-workshop\/#primaryimage"},"image":{"@id":"https:\/\/www.dpower.se\/engine-service-and-dealers\/service-workshop\/#primaryimage"},"thumbnailUrl":"https:\/\/www.dpower.se\/wp-content\/uploads\/2023\/09\/dpower-service-workshop.jpg","datePublished":"2023-05-22T09:13:22+00:00","dateModified":"2024-04-09T11:50:17+00:00","breadcrumb":{"@id":"https:\/\/www.dpower.se\/engine-service-and-dealers\/service-workshop\/#breadcrumb"},"inLanguage":"sv-SE","potentialAction":[{"@type":"ReadAction","target":["https:\/\/www.dpower.se\/engine-service-and-dealers\/service-workshop\/"]}]},{"@type":"ImageObject","inLanguage":"sv-SE","@id":"https:\/\/www.dpower.se\/engine-service-and-dealers\/service-workshop\/#primaryimage","url":"https:\/\/www.dpower.se\/wp-content\/uploads\/2023\/09\/dpower-service-workshop.jpg","contentUrl":"https:\/\/www.dpower.se\/wp-content\/uploads\/2023\/09\/dpower-service-workshop.jpg","width":1200,"height":590},{"@type":"BreadcrumbList","@id":"https:\/\/www.dpower.se\/engine-service-and-dealers\/service-workshop\/#breadcrumb","itemListElement":[{"@type":"ListItem","position":1,"name":"Home","item":"https:\/\/www.dpower.se\/"},{"@type":"ListItem","position":2,"name":"Service and Dealers","item":"https:\/\/www.dpower.se\/engine-service-and-dealers\/"},{"@type":"ListItem","position":3,"name":"Service Workshop"}]},{"@type":"WebSite","@id":"https:\/\/www.dpower.se\/#website","url":"https:\/\/www.dpower.se\/","name":"Dpower","description":"Levererar kraft sedan 1991","publisher":{"@id":"https:\/\/www.dpower.se\/#organization"},"potentialAction":[{"@type":"SearchAction","target":{"@type":"EntryPoint","urlTemplate":"https:\/\/www.dpower.se\/?s={search_term_string}"},"query-input":{"@type":"PropertyValueSpecification","valueRequired":true,"valueName":"search_term_string"}}],"inLanguage":"sv-SE"},{"@type":"Organization","@id":"https:\/\/www.dpower.se\/#organization","name":"Dpower AB","url":"https:\/\/www.dpower.se\/","logo":{"@type":"ImageObject","inLanguage":"sv-SE","@id":"https:\/\/www.dpower.se\/#\/schema\/logo\/image\/","url":"https:\/\/www.dpower.se\/wp-content\/uploads\/2023\/05\/logo.png","contentUrl":"https:\/\/www.dpower.se\/wp-content\/uploads\/2023\/05\/logo.png","width":300,"height":77,"caption":"Dpower AB"},"image":{"@id":"https:\/\/www.dpower.se\/#\/schema\/logo\/image\/"},"sameAs":["https:\/\/www.facebook.com\/dieselpowerab","https:\/\/www.linkedin.com\/company\/diesel-power-ab","https:\/\/www.instagram.com\/dpowerab\/"]}]}},"_links":{"self":[{"href":"https:\/\/www.dpower.se\/sv\/wp-json\/wp\/v2\/pages\/34","targetHints":{"allow":["GET"]}}],"collection":[{"href":"https:\/\/www.dpower.se\/sv\/wp-json\/wp\/v2\/pages"}],"about":[{"href":"https:\/\/www.dpower.se\/sv\/wp-json\/wp\/v2\/types\/page"}],"author":[{"embeddable":true,"href":"https:\/\/www.dpower.se\/sv\/wp-json\/wp\/v2\/users\/1"}],"replies":[{"embeddable":true,"href":"https:\/\/www.dpower.se\/sv\/wp-json\/wp\/v2\/comments?post=34"}],"version-history":[{"count":19,"href":"https:\/\/www.dpower.se\/sv\/wp-json\/wp\/v2\/pages\/34\/revisions"}],"predecessor-version":[{"id":31021,"href":"https:\/\/www.dpower.se\/sv\/wp-json\/wp\/v2\/pages\/34\/revisions\/31021"}],"up":[{"embeddable":true,"href":"https:\/\/www.dpower.se\/sv\/wp-json\/wp\/v2\/pages\/30"}],"wp:featuredmedia":[{"embeddable":true,"href":"https:\/\/www.dpower.se\/sv\/wp-json\/wp\/v2\/media\/29277"}],"wp:attachment":[{"href":"https:\/\/www.dpower.se\/sv\/wp-json\/wp\/v2\/media?parent=34"}],"curies":[{"name":"wp","href":"https:\/\/api.w.org\/{rel}","templated":true}]}}