{"id":30,"date":"2023-05-22T09:11:37","date_gmt":"2023-05-22T09:11:37","guid":{"rendered":"https:\/\/staging.dpower.se\/?page_id=30"},"modified":"2026-04-01T14:21:28","modified_gmt":"2026-04-01T12:21:28","slug":"motorunderhall-och-aterforsaljare","status":"publish","type":"page","link":"https:\/\/www.dpower.se\/sv\/engine-service-and-dealers\/","title":{"rendered":"Service och \u00e5terf\u00f6rs\u00e4ljare"},"content":{"rendered":"<div data-elementor-type=\"wp-page\" data-elementor-id=\"30\" class=\"elementor elementor-30\" data-elementor-post-type=\"page\">\n\t\t\t\t<div class=\"elementor-element elementor-element-b1a1691 e-flex e-con-boxed e-con e-parent\" data-id=\"b1a1691\" data-element_type=\"container\" data-e-type=\"container\">\n\t\t\t\t\t<div class=\"e-con-inner\">\n\t\t<div class=\"elementor-element elementor-element-ba9b692 e-flex e-con-boxed e-con e-child\" data-id=\"ba9b692\" data-element_type=\"container\" data-e-type=\"container\">\n\t\t\t\t\t<div class=\"e-con-inner\">\n\t\t<div class=\"elementor-element elementor-element-41d0dec e-con-full e-flex e-con e-child\" data-id=\"41d0dec\" data-element_type=\"container\" data-e-type=\"container\">\n\t\t\t\t<div class=\"elementor-element elementor-element-9cdb76b elementor-widget elementor-widget-heading\" data-id=\"9cdb76b\" data-element_type=\"widget\" data-e-type=\"widget\" data-widget_type=\"heading.default\">\n\t\t\t\t<div class=\"elementor-widget-container\">\n\t\t\t\t\t<h1 class=\"elementor-heading-title elementor-size-default\"><h1 data-section-id=\"1u34v5i\" data-start=\"600\" data-end=\"628\"><b>Motortj\u00e4nst och \u00e5terf\u00f6rs\u00e4ljare<span style=\"color: inherit;font-size: 2.5rem\"><\/span><\/b><\/h1><\/h1>\t\t\t\t<\/div>\n\t\t\t\t<\/div>\n\t\t\t\t<div class=\"elementor-element elementor-element-b0b1369 elementor-widget__width-initial elementor-widget elementor-widget-text-editor\" data-id=\"b0b1369\" data-element_type=\"widget\" data-e-type=\"widget\" data-widget_type=\"text-editor.default\">\n\t\t\t\t<div class=\"elementor-widget-container\">\n\t\t\t\t\t\t\t\t\t<p><strong data-start=\"639\" data-end=\"669\">Motor service och \u00e5terf\u00f6rs\u00e4ljare<\/strong> \u00e4r en viktig del av l\u00e5ngsiktig drifttid, tillf\u00f6rlitlighet och produktst\u00f6d. P\u00e5 Dpower, v\u00e5r <strong data-start=\"759\" data-end=\"789\">Motorunderh\u00e5ll och \u00e5terf\u00f6rs\u00e4ljare<\/strong> n\u00e4tverk hj\u00e4lper kunder med teknisk v\u00e4gledning, garantifr\u00e5gor, verkstadsst\u00f6d och r\u00e4tt kontaktperson f\u00f6r l\u00f6pande servicebehov.<\/p>\t\t\t\t\t\t\t\t<\/div>\n\t\t\t\t<\/div>\n\t\t\t\t<div data-dce-background-color=\"#00778B\" class=\"elementor-element elementor-element-071f170 elementor-widget elementor-widget-button\" data-id=\"071f170\" data-element_type=\"widget\" data-e-type=\"widget\" data-widget_type=\"button.default\">\n\t\t\t\t<div class=\"elementor-widget-container\">\n\t\t\t\t\t\t\t\t\t<div class=\"elementor-button-wrapper\">\n\t\t\t\t\t<a class=\"elementor-button elementor-button-link elementor-size-sm\" href=\"https:\/\/www.dpower.se\/sv\/service-och-aterforsaljare\/aterforsaljare\/\">\n\t\t\t\t\t\t<span class=\"elementor-button-content-wrapper\">\n\t\t\t\t\t\t<span class=\"elementor-button-icon\">\n\t\t\t\t<i aria-hidden=\"true\" class=\"far fa-arrow-right\"><\/i>\t\t\t<\/span>\n\t\t\t\t\t\t\t\t\t<span class=\"elementor-button-text\">Hitta din \u00e5terf\u00f6rs\u00e4ljare idag!<\/span>\n\t\t\t\t\t<\/span>\n\t\t\t\t\t<\/a>\n\t\t\t\t<\/div>\n\t\t\t\t\t\t\t\t<\/div>\n\t\t\t\t<\/div>\n\t\t\t\t<\/div>\n\t\t<div class=\"elementor-element elementor-element-3446a98 e-flex e-con-boxed e-con e-child\" data-id=\"3446a98\" data-element_type=\"container\" data-e-type=\"container\">\n\t\t\t\t\t<div class=\"e-con-inner\">\n\t\t\t\t<div class=\"elementor-element elementor-element-681add3 dce_masking-none elementor-widget elementor-widget-image\" data-id=\"681add3\" data-element_type=\"widget\" data-e-type=\"widget\" data-widget_type=\"image.default\">\n\t\t\t\t<div class=\"elementor-widget-container\">\n\t\t\t\t\t\t\t\t\t\t\t\t\t\t\t<img decoding=\"async\" src=\"https:\/\/www.dpower.se\/wp-content\/uploads\/elementor\/thumbs\/DSC_5718-1200px-qlebccr7ubfyk4pyx2du9ii63zp5qpvpmmiw4i15g0.jpg\" title=\"DSC_5718-1200px\" alt=\"DSC_5718-1200px\" loading=\"lazy\" \/>\t\t\t\t\t\t\t\t\t\t\t\t\t\t\t<\/div>\n\t\t\t\t<\/div>\n\t\t\t\t\t<\/div>\n\t\t\t\t<\/div>\n\t\t\t\t\t<\/div>\n\t\t\t\t<\/div>\n\t\t\t\t\t<\/div>\n\t\t\t\t<\/div>\n\t\t<div class=\"elementor-element elementor-element-68076f2 e-flex e-con-boxed e-con e-parent\" data-id=\"68076f2\" data-element_type=\"container\" data-e-type=\"container\" data-settings=\"{&quot;background_background&quot;:&quot;classic&quot;}\">\n\t\t\t\t\t<div class=\"e-con-inner\">\n\t\t\t\t<div class=\"elementor-element elementor-element-001d1a2 elementor-widget elementor-widget-heading\" data-id=\"001d1a2\" data-element_type=\"widget\" data-e-type=\"widget\" data-widget_type=\"heading.default\">\n\t\t\t\t<div class=\"elementor-widget-container\">\n\t\t\t\t\t<h2 class=\"elementor-heading-title elementor-size-default\"><h2 data-section-id=\"1gk1441\" data-start=\"932\" data-end=\"982\">Professionell motortj\u00e4nst och \u00e5terf\u00f6rs\u00e4ljarsupport<span style=\"color: inherit;font-size: 2rem;font-weight: 600\"><\/span><\/h2><\/h2>\t\t\t\t<\/div>\n\t\t\t\t<\/div>\n\t\t\t\t<div class=\"elementor-element elementor-element-a20ba83 elementor-widget elementor-widget-text-editor\" data-id=\"a20ba83\" data-element_type=\"widget\" data-e-type=\"widget\" data-widget_type=\"text-editor.default\">\n\t\t\t\t<div class=\"elementor-widget-container\">\n\t\t\t\t\t\t\t\t\t<p data-start=\"984\" data-end=\"1454\">Valet av r\u00e4tt leverant\u00f6r handlar inte bara om motorn i sig. Det handlar ocks\u00e5 om supportstrukturen bakom den. Dpower erbjuder <strong data-start=\"1113\" data-end=\"1143\">Motorunderh\u00e5ll och \u00e5terf\u00f6rs\u00e4ljare<\/strong> support f\u00f6r kunder som beh\u00f6ver hj\u00e4lp med underh\u00e5llsplanering, fels\u00f6kning, reparationer och produktrelaterade fr\u00e5gor. V\u00e5r serviceorganisation \u00e4r uppbyggd f\u00f6r att ge kunderna en tydlig v\u00e4g till r\u00e4tt supportfunktion, oavsett om behovet \u00e4r teknisk r\u00e5dgivning, verkstadshj\u00e4lp eller garantirelaterad v\u00e4gledning.<\/p>\t\t\t\t\t\t\t\t<\/div>\n\t\t\t\t<\/div>\n\t\t\t\t\t<\/div>\n\t\t\t\t<\/div>\n\t\t<div class=\"elementor-element elementor-element-2e0c04e e-flex e-con-boxed e-con e-parent\" data-id=\"2e0c04e\" data-element_type=\"container\" data-e-type=\"container\">\n\t\t\t\t\t<div class=\"e-con-inner\">\n\t\t<div class=\"elementor-element elementor-element-ee99813 e-con-full e-flex e-con e-child\" data-id=\"ee99813\" data-element_type=\"container\" data-e-type=\"container\">\n\t\t\t\t<div class=\"elementor-element elementor-element-32ca9fb elementor-widget elementor-widget-heading\" data-id=\"32ca9fb\" data-element_type=\"widget\" data-e-type=\"widget\" data-widget_type=\"heading.default\">\n\t\t\t\t<div class=\"elementor-widget-container\">\n\t\t\t\t\t<h2 class=\"elementor-heading-title elementor-size-default\">Motorservice och \u00e5terf\u00f6rs\u00e4ljare f\u00f6r underh\u00e5ll och garantifr\u00e5gor<\/h2>\t\t\t\t<\/div>\n\t\t\t\t<\/div>\n\t\t<div class=\"elementor-element elementor-element-b185e64 e-grid e-con-full e-con e-child\" data-id=\"b185e64\" data-element_type=\"container\" data-e-type=\"container\">\n\t\t\t\t<div class=\"elementor-element elementor-element-d97d923 elementor-widget elementor-widget-text-editor\" data-id=\"d97d923\" data-element_type=\"widget\" data-e-type=\"widget\" data-widget_type=\"text-editor.default\">\n\t\t\t\t<div class=\"elementor-widget-container\">\n\t\t\t\t\t\t\t\t\t<p data-start=\"1532\" data-end=\"1849\">En stark eftermarknadsstruktur g\u00f6r det dagliga \u00e4gandet enklare. Med Dpowers <strong data-start=\"1609\" data-end=\"1639\">Motorunderh\u00e5ll och \u00e5terf\u00f6rs\u00e4ljare<\/strong> support, kunder kan f\u00e5 hj\u00e4lp med serviceintervall, samordning av service, reparationsplanering och garanti\u00e4renden. Det g\u00f6r det enklare att h\u00e5lla motorer och kraftl\u00f6sningar ig\u00e5ng som avsett \u00f6ver tid.<\/p><p data-start=\"1851\" data-end=\"1889\">Kunder beh\u00f6ver vanligtvis hj\u00e4lp med:<\/p><ul data-start=\"1890\" data-end=\"2017\"><li data-section-id=\"17q8dz7\" data-start=\"1890\" data-end=\"1912\">underh\u00e5llsv\u00e4gledning<\/li><li data-section-id=\"1qqzy5n\" data-start=\"1913\" data-end=\"1934\">Verkstadshj\u00e4lp<\/li><li data-section-id=\"1bovpoh\" data-start=\"1935\" data-end=\"1955\">garanti\u00e4renden<\/li><li data-section-id=\"1uodusl\" data-start=\"1956\" data-end=\"1972\">reparationsalternativ<\/li><li data-section-id=\"neyumb\" data-start=\"1973\" data-end=\"2000\">teknisk fels\u00f6kning<\/li><li data-section-id=\"ni5tf7\" data-start=\"2001\" data-end=\"2017\">\u00e5terf\u00f6rs\u00e4ljarkontakt<\/li><\/ul>\t\t\t\t\t\t\t\t<\/div>\n\t\t\t\t<\/div>\n\t\t\t\t<div class=\"elementor-element elementor-element-57e5b59 elementor-widget elementor-widget-text-editor\" data-id=\"57e5b59\" data-element_type=\"widget\" data-e-type=\"widget\" data-widget_type=\"text-editor.default\">\n\t\t\t\t<div class=\"elementor-widget-container\">\n\t\t\t\t\t\t\t\t\t<p data-start=\"2094\" data-end=\"2367\">Dpowers supportstruktur \u00e4r utformad f\u00f6r att dirigera kunder till r\u00e4tt funktion utan on\u00f6diga f\u00f6rseningar. Oavsett om problemet r\u00f6r en verkstadsfr\u00e5ga, en teknisk fr\u00e5ga eller ett garanti\u00e4rende, s\u00e5 hj\u00e4lper v\u00e5r <strong data-start=\"2294\" data-end=\"2324\">Motorunderh\u00e5ll och \u00e5terf\u00f6rs\u00e4ljare<\/strong> inst\u00e4llningar hj\u00e4lper till att skapa en tydligare v\u00e4g fram\u00e5t.<\/p><p data-start=\"2369\" data-end=\"2421\">Du kan ocks\u00e5 utforska v\u00e5ra interna supportsidor f\u00f6r:<\/p><ul data-start=\"2422\" data-end=\"2677\"><li data-section-id=\"1hlbku\" data-start=\"2422\" data-end=\"2464\"><a class=\"decorated-link cursor-pointer\" href=\"https:\/\/www.dpower.se\/sv\/motorunderhall-och-aterforsaljare\/aterforsaljare\/\" rel=\"noopener\" data-start=\"2424\" data-end=\"2464\">\u00c5terf\u00f6rs\u00e4ljare<\/a><\/li><li data-section-id=\"19k7zmb\" data-start=\"2465\" data-end=\"2525\"><a class=\"decorated-link cursor-pointer\" href=\"https:\/\/www.dpower.se\/sv\/motorunderhall-och-aterforsaljare\/serviceverkstad\/\" rel=\"noopener\" data-start=\"2467\" data-end=\"2525\">Serviceverkstad<\/a><\/li><li data-section-id=\"hlxrt5\" data-start=\"2526\" data-end=\"2603\"><a class=\"decorated-link cursor-pointer\" href=\"https:\/\/www.dpower.se\/sv\/motorunderhall-och-aterforsaljare\/serviceverkstad\/teknisk-radgivning\/\" rel=\"noopener\" data-start=\"2528\" data-end=\"2603\">Teknisk r\u00e5dgivning<\/a><\/li><li data-section-id=\"1n7acse\" data-start=\"2604\" data-end=\"2648\"><a class=\"decorated-link cursor-pointer\" href=\"https:\/\/www.dpower.se\/sv\/motorunderhall-och-aterforsaljare\/garanti\/\" rel=\"noopener\" data-start=\"2606\" data-end=\"2648\">Garanti<\/a><\/li><li data-section-id=\"exs28y\" data-start=\"2649\" data-end=\"2677\"><a class=\"decorated-link cursor-pointer\" href=\"https:\/\/www.dpower.se\/sv\/kontakta-oss\/\" rel=\"noopener\" data-start=\"2651\" data-end=\"2677\">Kontakta oss<\/a><\/li><\/ul>\t\t\t\t\t\t\t\t<\/div>\n\t\t\t\t<\/div>\n\t\t\t\t<div class=\"elementor-element elementor-element-d2ba298 elementor-widget elementor-widget-text-editor\" data-id=\"d2ba298\" data-element_type=\"widget\" data-e-type=\"widget\" data-widget_type=\"text-editor.default\">\n\t\t\t\t<div class=\"elementor-widget-container\">\n\t\t\t\t\t\t\t\t\t<p data-start=\"2755\" data-end=\"3027\">Dpower st\u00f6der kunder inom flera motor- och kraftsegment. Det betyder att v\u00e5r <strong data-start=\"2839\" data-end=\"2869\">Motorunderh\u00e5ll och \u00e5terf\u00f6rs\u00e4ljare<\/strong> Erbjudandet \u00e4r relevant f\u00f6r anv\u00e4ndare inom marin-, industri- och energiproduktionsapplikationer d\u00e4r p\u00e5litligt st\u00f6d \u00e4r avg\u00f6rande under hela utrustningens livscykel.<\/p><p data-start=\"3029\" data-end=\"3090\">Tillf\u00f6rlitligt st\u00f6d \u00e4r s\u00e4rskilt viktigt n\u00e4r kunder beh\u00f6ver:<\/p><ul data-start=\"3091\" data-end=\"3278\"><li data-section-id=\"16l1d3q\" data-start=\"3091\" data-end=\"3134\">snabb \u00e5tkomst till r\u00e4tt servicekontakt<\/li><li data-section-id=\"1hbdwfe\" data-start=\"3135\" data-end=\"3176\">Riktlinjer f\u00f6r reparationer och service\u00e5tg\u00e4rder<\/li><li data-section-id=\"7q1ppk\" data-start=\"3177\" data-end=\"3229\">produktsupport inom olika applikationsomr\u00e5den<\/li><li data-section-id=\"1nfmrx6\" data-start=\"3230\" data-end=\"3278\">l\u00e5ngsiktig hj\u00e4lp under hela \u00e4garperioden<\/li><\/ul>\t\t\t\t\t\t\t\t<\/div>\n\t\t\t\t<\/div>\n\t\t\t\t<\/div>\n\t\t\t\t<\/div>\n\t\t\t\t\t<\/div>\n\t\t\t\t<\/div>\n\t\t<div class=\"elementor-element elementor-element-01b98e1 e-flex e-con-boxed e-con e-parent\" data-id=\"01b98e1\" data-element_type=\"container\" data-e-type=\"container\" data-settings=\"{&quot;background_background&quot;:&quot;classic&quot;}\">\n\t\t\t\t\t<div class=\"e-con-inner\">\n\t\t<div class=\"elementor-element elementor-element-f5a2947 e-con-full e-flex e-con e-child\" data-id=\"f5a2947\" data-element_type=\"container\" data-e-type=\"container\">\n\t\t\t\t<div class=\"elementor-element elementor-element-eac2023 elementor-widget elementor-widget-heading\" data-id=\"eac2023\" data-element_type=\"widget\" data-e-type=\"widget\" data-widget_type=\"heading.default\">\n\t\t\t\t<div class=\"elementor-widget-container\">\n\t\t\t\t\t<h2 class=\"elementor-heading-title elementor-size-default\"><h2 data-section-id=\"bt176y\" data-start=\"3286\" data-end=\"3336\">Prata med Dpower om motorservice och \u00e5terf\u00f6rs\u00e4ljare<span style=\"color: inherit;font-size: 1.75rem;font-weight: 600\"><\/span><\/h2><\/h2>\t\t\t\t<\/div>\n\t\t\t\t<\/div>\n\t\t\t\t<div class=\"elementor-element elementor-element-68ab3ee elementor-widget elementor-widget-text-editor\" data-id=\"68ab3ee\" data-element_type=\"widget\" data-e-type=\"widget\" data-widget_type=\"text-editor.default\">\n\t\t\t\t<div class=\"elementor-widget-container\">\n\t\t\t\t\t\t\t\t\t<p>Om du beh\u00f6ver teknisk assistans, verkstadsr\u00e5dgivning, garantisupport eller hj\u00e4lp att hitta r\u00e4tt servicekontakt kan Dpower hj\u00e4lpa dig. Kontakta v\u00e5rt team f\u00f6r att diskutera dina supportbehov och hitta r\u00e4tt servicev\u00e4g f\u00f6r din motor eller energil\u00f6sning.<\/p><p><strong>Vill du veta mer? Kontakta\u00a0<a href=\"mailto:ann-sofie@dpower.se\">Ann-Sofie<\/a> p\u00e5 Dpower<\/strong><\/p>\t\t\t\t\t\t\t\t<\/div>\n\t\t\t\t<\/div>\n\t\t\t\t<\/div>\n\t\t<div class=\"elementor-element elementor-element-a30a204 e-con-full e-flex e-con e-child\" data-id=\"a30a204\" data-element_type=\"container\" data-e-type=\"container\" data-settings=\"{&quot;background_background&quot;:&quot;classic&quot;}\">\n\t\t\t\t<div class=\"elementor-element elementor-element-89d4508 dce_masking-clippath elementor-position-left elementor-vertical-align-top elementor-widget elementor-widget-image-box\" data-id=\"89d4508\" data-element_type=\"widget\" data-e-type=\"widget\" data-widget_type=\"image-box.default\">\n\t\t\t\t<div class=\"elementor-widget-container\">\n\t\t\t\t\t<div class=\"elementor-image-box-wrapper\"><figure class=\"elementor-image-box-img\"><a href=\"mailto:jimmy.otter@dpower.se\" tabindex=\"-1\"><img fetchpriority=\"high\" decoding=\"async\" width=\"676\" height=\"676\" src=\"https:\/\/www.dpower.se\/wp-content\/uploads\/2023\/10\/dpower-Ann-Sofie-Axelsson.jpg\" class=\"attachment-full size-full wp-image-29872\" alt=\"Ann-Sofie Axelsson\" srcset=\"https:\/\/www.dpower.se\/wp-content\/uploads\/2023\/10\/dpower-Ann-Sofie-Axelsson.jpg 676w, https:\/\/www.dpower.se\/wp-content\/uploads\/2023\/10\/dpower-Ann-Sofie-Axelsson-300x300.jpg 300w, https:\/\/www.dpower.se\/wp-content\/uploads\/2023\/10\/dpower-Ann-Sofie-Axelsson-150x150.jpg 150w\" sizes=\"(max-width: 676px) 100vw, 676px\" \/><\/a><\/figure><div class=\"elementor-image-box-content\"><h4 class=\"elementor-image-box-title\"><a href=\"mailto:jimmy.otter@dpower.se\">Ann-Sofie Axelsson<\/a><\/h4><p class=\"elementor-image-box-description\"><strong>Service Coordinator<\/strong><br>\n<a href=\"mailto:ann-sofie@dpower.se\">ann-sofie@dpower.se<\/a><br>\nTfn. 46 (0)31-748 62 16<br>\nMobil: 46 (0)705-68 57 23\n\n<\/p><\/div><\/div>\t\t\t\t<\/div>\n\t\t\t\t<\/div>\n\t\t\t\t<\/div>\n\t\t\t\t\t<\/div>\n\t\t\t\t<\/div>\n\t\t<div class=\"elementor-element elementor-element-a2729cd e-flex e-con-boxed e-con e-parent\" data-id=\"a2729cd\" data-element_type=\"container\" data-e-type=\"container\">\n\t\t\t\t\t<div class=\"e-con-inner\">\n\t\t\t\t\t<\/div>\n\t\t\t\t<\/div>\n\t\t\t\t<\/div>","protected":false},"excerpt":{"rendered":"<p>Engine Service and Dealers Engine service and dealers are a critical part of long-term uptime, reliability and product support. At Dpower, our engine service and dealers network helps customers with technical guidance, warranty questions, workshop support and the right contact for ongoing service needs. Find your dealer today! Professional engine service and dealers support Choosing [&hellip;]<\/p>\n","protected":false},"author":1,"featured_media":29436,"parent":0,"menu_order":0,"comment_status":"closed","ping_status":"closed","template":"","meta":{"_acf_changed":false,"footnotes":""},"class_list":["post-30","page","type-page","status-publish","has-post-thumbnail","hentry"],"acf":[],"yoast_head":"<!-- This site is optimized with the Yoast SEO Premium plugin v27.2 (Yoast SEO v27.4) - https:\/\/yoast.com\/product\/yoast-seo-premium-wordpress\/ -->\n<title>Engine Service and Dealers | Dpower<\/title>\n<meta name=\"description\" content=\"Engine service and dealers from Dpower for technical support, warranty guidance, service assistance, and help throughout your engine\u2019s life.\" \/>\n<meta name=\"robots\" content=\"index, follow, max-snippet:-1, max-image-preview:large, max-video-preview:-1\" \/>\n<link rel=\"canonical\" href=\"https:\/\/www.dpower.se\/sv\/motorunderhall-och-aterforsaljare\/\" \/>\n<meta property=\"og:locale\" content=\"sv_SE\" \/>\n<meta property=\"og:type\" content=\"article\" \/>\n<meta property=\"og:title\" content=\"Service and Dealers\" \/>\n<meta property=\"og:description\" content=\"Engine service and dealers from Dpower for technical support, warranty guidance, service assistance, and help throughout your engine\u2019s life.\" \/>\n<meta property=\"og:url\" content=\"https:\/\/www.dpower.se\/sv\/motorunderhall-och-aterforsaljare\/\" \/>\n<meta property=\"og:site_name\" content=\"Dpower\" \/>\n<meta property=\"article:publisher\" content=\"https:\/\/www.facebook.com\/dieselpowerab\" \/>\n<meta property=\"article:modified_time\" content=\"2026-04-01T12:21:28+00:00\" \/>\n<meta property=\"og:image\" content=\"https:\/\/www.dpower.se\/wp-content\/uploads\/2023\/09\/dpower-warranty-terms.jpg\" \/>\n\t<meta property=\"og:image:width\" content=\"1600\" \/>\n\t<meta property=\"og:image:height\" content=\"1065\" \/>\n\t<meta property=\"og:image:type\" content=\"image\/jpeg\" \/>\n<meta name=\"twitter:card\" content=\"summary_large_image\" \/>\n<meta name=\"twitter:label1\" content=\"Ber\u00e4knad l\u00e4stid\" \/>\n\t<meta name=\"twitter:data1\" content=\"3 minuter\" \/>\n<script type=\"application\/ld+json\" class=\"yoast-schema-graph\">{\"@context\":\"https:\\\/\\\/schema.org\",\"@graph\":[{\"@type\":\"WebPage\",\"@id\":\"https:\\\/\\\/www.dpower.se\\\/engine-service-and-dealers\\\/\",\"url\":\"https:\\\/\\\/www.dpower.se\\\/engine-service-and-dealers\\\/\",\"name\":\"Engine Service and Dealers | Dpower\",\"isPartOf\":{\"@id\":\"https:\\\/\\\/www.dpower.se\\\/#website\"},\"primaryImageOfPage\":{\"@id\":\"https:\\\/\\\/www.dpower.se\\\/engine-service-and-dealers\\\/#primaryimage\"},\"image\":{\"@id\":\"https:\\\/\\\/www.dpower.se\\\/engine-service-and-dealers\\\/#primaryimage\"},\"thumbnailUrl\":\"https:\\\/\\\/www.dpower.se\\\/wp-content\\\/uploads\\\/2023\\\/09\\\/dpower-warranty-terms.jpg\",\"datePublished\":\"2023-05-22T09:11:37+00:00\",\"dateModified\":\"2026-04-01T12:21:28+00:00\",\"description\":\"Engine service and dealers from Dpower for technical support, warranty guidance, service assistance, and help throughout your engine\u2019s life.\",\"breadcrumb\":{\"@id\":\"https:\\\/\\\/www.dpower.se\\\/engine-service-and-dealers\\\/#breadcrumb\"},\"inLanguage\":\"sv-SE\",\"potentialAction\":[{\"@type\":\"ReadAction\",\"target\":[\"https:\\\/\\\/www.dpower.se\\\/engine-service-and-dealers\\\/\"]}]},{\"@type\":\"ImageObject\",\"inLanguage\":\"sv-SE\",\"@id\":\"https:\\\/\\\/www.dpower.se\\\/engine-service-and-dealers\\\/#primaryimage\",\"url\":\"https:\\\/\\\/www.dpower.se\\\/wp-content\\\/uploads\\\/2023\\\/09\\\/dpower-warranty-terms.jpg\",\"contentUrl\":\"https:\\\/\\\/www.dpower.se\\\/wp-content\\\/uploads\\\/2023\\\/09\\\/dpower-warranty-terms.jpg\",\"width\":1600,\"height\":1065},{\"@type\":\"BreadcrumbList\",\"@id\":\"https:\\\/\\\/www.dpower.se\\\/engine-service-and-dealers\\\/#breadcrumb\",\"itemListElement\":[{\"@type\":\"ListItem\",\"position\":1,\"name\":\"Home\",\"item\":\"https:\\\/\\\/www.dpower.se\\\/\"},{\"@type\":\"ListItem\",\"position\":2,\"name\":\"Service and Dealers\"}]},{\"@type\":\"WebSite\",\"@id\":\"https:\\\/\\\/www.dpower.se\\\/#website\",\"url\":\"https:\\\/\\\/www.dpower.se\\\/\",\"name\":\"Dpower\",\"description\":\"Delivering power since 1991\",\"publisher\":{\"@id\":\"https:\\\/\\\/www.dpower.se\\\/#organization\"},\"potentialAction\":[{\"@type\":\"SearchAction\",\"target\":{\"@type\":\"EntryPoint\",\"urlTemplate\":\"https:\\\/\\\/www.dpower.se\\\/?s={search_term_string}\"},\"query-input\":{\"@type\":\"PropertyValueSpecification\",\"valueRequired\":true,\"valueName\":\"search_term_string\"}}],\"inLanguage\":\"sv-SE\"},{\"@type\":\"Organization\",\"@id\":\"https:\\\/\\\/www.dpower.se\\\/#organization\",\"name\":\"Dpower AB\",\"url\":\"https:\\\/\\\/www.dpower.se\\\/\",\"logo\":{\"@type\":\"ImageObject\",\"inLanguage\":\"sv-SE\",\"@id\":\"https:\\\/\\\/www.dpower.se\\\/#\\\/schema\\\/logo\\\/image\\\/\",\"url\":\"https:\\\/\\\/www.dpower.se\\\/wp-content\\\/uploads\\\/2023\\\/05\\\/logo.png\",\"contentUrl\":\"https:\\\/\\\/www.dpower.se\\\/wp-content\\\/uploads\\\/2023\\\/05\\\/logo.png\",\"width\":300,\"height\":77,\"caption\":\"Dpower AB\"},\"image\":{\"@id\":\"https:\\\/\\\/www.dpower.se\\\/#\\\/schema\\\/logo\\\/image\\\/\"},\"sameAs\":[\"https:\\\/\\\/www.facebook.com\\\/dieselpowerab\",\"https:\\\/\\\/www.linkedin.com\\\/company\\\/diesel-power-ab\",\"https:\\\/\\\/www.instagram.com\\\/dpowerab\\\/\"]}]}<\/script>\n<!-- \/ Yoast SEO Premium plugin. -->","yoast_head_json":{"title":"Motorunderh\u00e5ll och \u00e5terf\u00f6rs\u00e4ljare | Dpower","description":"Motor service och \u00e5terf\u00f6rs\u00e4ljare fr\u00e5n Dpower f\u00f6r teknisk support, garantiv\u00e4gledning, serviceassistans och hj\u00e4lp under hela motorns livstid.","robots":{"index":"index","follow":"follow","max-snippet":"max-snippet:-1","max-image-preview":"max-image-preview:large","max-video-preview":"max-video-preview:-1"},"canonical":"https:\/\/www.dpower.se\/sv\/motorunderhall-och-aterforsaljare\/","og_locale":"sv_SE","og_type":"article","og_title":"Service and Dealers","og_description":"Engine service and dealers from Dpower for technical support, warranty guidance, service assistance, and help throughout your engine\u2019s life.","og_url":"https:\/\/www.dpower.se\/sv\/motorunderhall-och-aterforsaljare\/","og_site_name":"Dpower","article_publisher":"https:\/\/www.facebook.com\/dieselpowerab","article_modified_time":"2026-04-01T12:21:28+00:00","og_image":[{"width":1600,"height":1065,"url":"https:\/\/www.dpower.se\/wp-content\/uploads\/2023\/09\/dpower-warranty-terms.jpg","type":"image\/jpeg"}],"twitter_card":"summary_large_image","twitter_misc":{"Ber\u00e4knad l\u00e4stid":"3 minuter"},"schema":{"@context":"https:\/\/schema.org","@graph":[{"@type":"WebPage","@id":"https:\/\/www.dpower.se\/engine-service-and-dealers\/","url":"https:\/\/www.dpower.se\/engine-service-and-dealers\/","name":"Motorunderh\u00e5ll och \u00e5terf\u00f6rs\u00e4ljare | Dpower","isPartOf":{"@id":"https:\/\/www.dpower.se\/#website"},"primaryImageOfPage":{"@id":"https:\/\/www.dpower.se\/engine-service-and-dealers\/#primaryimage"},"image":{"@id":"https:\/\/www.dpower.se\/engine-service-and-dealers\/#primaryimage"},"thumbnailUrl":"https:\/\/www.dpower.se\/wp-content\/uploads\/2023\/09\/dpower-warranty-terms.jpg","datePublished":"2023-05-22T09:11:37+00:00","dateModified":"2026-04-01T12:21:28+00:00","description":"Motor service och \u00e5terf\u00f6rs\u00e4ljare fr\u00e5n Dpower f\u00f6r teknisk support, garantiv\u00e4gledning, serviceassistans och hj\u00e4lp under hela motorns livstid.","breadcrumb":{"@id":"https:\/\/www.dpower.se\/engine-service-and-dealers\/#breadcrumb"},"inLanguage":"sv-SE","potentialAction":[{"@type":"ReadAction","target":["https:\/\/www.dpower.se\/engine-service-and-dealers\/"]}]},{"@type":"ImageObject","inLanguage":"sv-SE","@id":"https:\/\/www.dpower.se\/engine-service-and-dealers\/#primaryimage","url":"https:\/\/www.dpower.se\/wp-content\/uploads\/2023\/09\/dpower-warranty-terms.jpg","contentUrl":"https:\/\/www.dpower.se\/wp-content\/uploads\/2023\/09\/dpower-warranty-terms.jpg","width":1600,"height":1065},{"@type":"BreadcrumbList","@id":"https:\/\/www.dpower.se\/engine-service-and-dealers\/#breadcrumb","itemListElement":[{"@type":"ListItem","position":1,"name":"Home","item":"https:\/\/www.dpower.se\/"},{"@type":"ListItem","position":2,"name":"Service and Dealers"}]},{"@type":"WebSite","@id":"https:\/\/www.dpower.se\/#website","url":"https:\/\/www.dpower.se\/","name":"Dpower","description":"Levererar kraft sedan 1991","publisher":{"@id":"https:\/\/www.dpower.se\/#organization"},"potentialAction":[{"@type":"SearchAction","target":{"@type":"EntryPoint","urlTemplate":"https:\/\/www.dpower.se\/?s={search_term_string}"},"query-input":{"@type":"PropertyValueSpecification","valueRequired":true,"valueName":"search_term_string"}}],"inLanguage":"sv-SE"},{"@type":"Organization","@id":"https:\/\/www.dpower.se\/#organization","name":"Dpower AB","url":"https:\/\/www.dpower.se\/","logo":{"@type":"ImageObject","inLanguage":"sv-SE","@id":"https:\/\/www.dpower.se\/#\/schema\/logo\/image\/","url":"https:\/\/www.dpower.se\/wp-content\/uploads\/2023\/05\/logo.png","contentUrl":"https:\/\/www.dpower.se\/wp-content\/uploads\/2023\/05\/logo.png","width":300,"height":77,"caption":"Dpower AB"},"image":{"@id":"https:\/\/www.dpower.se\/#\/schema\/logo\/image\/"},"sameAs":["https:\/\/www.facebook.com\/dieselpowerab","https:\/\/www.linkedin.com\/company\/diesel-power-ab","https:\/\/www.instagram.com\/dpowerab\/"]}]}},"_links":{"self":[{"href":"https:\/\/www.dpower.se\/sv\/wp-json\/wp\/v2\/pages\/30","targetHints":{"allow":["GET"]}}],"collection":[{"href":"https:\/\/www.dpower.se\/sv\/wp-json\/wp\/v2\/pages"}],"about":[{"href":"https:\/\/www.dpower.se\/sv\/wp-json\/wp\/v2\/types\/page"}],"author":[{"embeddable":true,"href":"https:\/\/www.dpower.se\/sv\/wp-json\/wp\/v2\/users\/1"}],"replies":[{"embeddable":true,"href":"https:\/\/www.dpower.se\/sv\/wp-json\/wp\/v2\/comments?post=30"}],"version-history":[{"count":58,"href":"https:\/\/www.dpower.se\/sv\/wp-json\/wp\/v2\/pages\/30\/revisions"}],"predecessor-version":[{"id":32561,"href":"https:\/\/www.dpower.se\/sv\/wp-json\/wp\/v2\/pages\/30\/revisions\/32561"}],"wp:featuredmedia":[{"embeddable":true,"href":"https:\/\/www.dpower.se\/sv\/wp-json\/wp\/v2\/media\/29436"}],"wp:attachment":[{"href":"https:\/\/www.dpower.se\/sv\/wp-json\/wp\/v2\/media?parent=30"}],"curies":[{"name":"wp","href":"https:\/\/api.w.org\/{rel}","templated":true}]}}