{"id":29199,"date":"2023-08-21T06:42:24","date_gmt":"2023-08-21T06:42:24","guid":{"rendered":"https:\/\/staging.dpower.se\/?page_id=29199"},"modified":"2026-04-01T11:06:16","modified_gmt":"2026-04-01T09:06:16","slug":"sjofartsfritidsgeneratorer","status":"publish","type":"page","link":"https:\/\/www.dpower.se\/sv\/products\/marine-leisure-engines\/marine-leisure-generators\/","title":{"rendered":"Generatorer"},"content":{"rendered":"<div data-elementor-type=\"wp-page\" data-elementor-id=\"29199\" class=\"elementor elementor-29199\" data-elementor-post-type=\"page\">\n\t\t\t\t<div class=\"elementor-element elementor-element-112c558 e-flex e-con-boxed e-con e-parent\" data-id=\"112c558\" data-element_type=\"container\" data-e-type=\"container\">\n\t\t\t\t\t<div class=\"e-con-inner\">\n\t\t\t\t<div class=\"elementor-element elementor-element-c234713 elementor-widget elementor-widget-heading\" data-id=\"c234713\" data-element_type=\"widget\" data-e-type=\"widget\" data-widget_type=\"heading.default\">\n\t\t\t\t<div class=\"elementor-widget-container\">\n\t\t\t\t\t<h2 class=\"elementor-heading-title elementor-size-default\">Marina generatorer du kan lita p\u00e5<\/h2>\t\t\t\t<\/div>\n\t\t\t\t<\/div>\n\t\t\t\t<div class=\"elementor-element elementor-element-23a619e elementor-widget elementor-widget-text-editor\" data-id=\"23a619e\" data-element_type=\"widget\" data-e-type=\"widget\" data-widget_type=\"text-editor.default\">\n\t\t\t\t<div class=\"elementor-widget-container\">\n\t\t\t\t\t\t\t\t\t<p>N\u00e4r du v\u00e4ljer elgenerator till din fritidsb\u00e5t \u00e4r tillf\u00f6rlitlighet och br\u00e4nsleekonomi av h\u00f6gsta prioritet. Dpower \u00e4r distribut\u00f6r f\u00f6r Rehlko Marine och Sol\u00e9 Diesel, tv\u00e5 ledande tillverkare av kvalitetsprodukter som inte bara \u00e4r tillf\u00f6rlitliga och billiga i drift. Tack vare kompakta m\u00e5tt och robusta konstruktioner g\u00e5r de marina generatorerna ocks\u00e5 tyst och vibrationsfritt - s\u00e5 att komforten ombord \u00e4r p\u00e5 topp.<\/p><p>H\u00e4r hittar du generatorer f\u00f6r 4 - 450 kW med 1- och 3-fasanslutningar. De kan levereras ljudisolerade eller p\u00e5 en ram.<\/p>\t\t\t\t\t\t\t\t<\/div>\n\t\t\t\t<\/div>\n\t\t\t\t\t<\/div>\n\t\t\t\t<\/div>\n\t\t<div class=\"elementor-element elementor-element-35b2a98 e-flex e-con-boxed e-con e-parent\" data-id=\"35b2a98\" data-element_type=\"container\" data-e-type=\"container\" data-settings=\"{&quot;background_background&quot;:&quot;classic&quot;}\">\n\t\t\t\t\t<div class=\"e-con-inner\">\n\t\t<div class=\"elementor-element elementor-element-12e5ba3 e-con-full e-flex e-con e-child\" data-id=\"12e5ba3\" data-element_type=\"container\" data-e-type=\"container\">\n\t\t\t\t<div class=\"elementor-element elementor-element-842cdd4 dce_masking-none elementor-widget elementor-widget-image\" data-id=\"842cdd4\" data-element_type=\"widget\" data-e-type=\"widget\" data-widget_type=\"image.default\">\n\t\t\t\t<div class=\"elementor-widget-container\">\n\t\t\t\t\t\t\t\t\t\t\t\t\t\t\t<img decoding=\"async\" width=\"300\" height=\"126\" src=\"https:\/\/www.dpower.se\/wp-content\/uploads\/2024\/09\/Namnlos-design-34-300x126.png\" class=\"attachment-medium size-medium wp-image-31553\" alt=\"\" srcset=\"https:\/\/www.dpower.se\/wp-content\/uploads\/2024\/09\/Namnlos-design-34-300x126.png 300w, https:\/\/www.dpower.se\/wp-content\/uploads\/2024\/09\/Namnlos-design-34-1024x430.png 1024w, https:\/\/www.dpower.se\/wp-content\/uploads\/2024\/09\/Namnlos-design-34-768x322.png 768w, https:\/\/www.dpower.se\/wp-content\/uploads\/2024\/09\/Namnlos-design-34-1536x644.png 1536w, https:\/\/www.dpower.se\/wp-content\/uploads\/2024\/09\/Namnlos-design-34.png 2048w\" sizes=\"(max-width: 300px) 100vw, 300px\" \/>\t\t\t\t\t\t\t\t\t\t\t\t\t\t\t<\/div>\n\t\t\t\t<\/div>\n\t\t\t\t<div class=\"elementor-element elementor-element-c54af2a elementor-widget elementor-widget-heading\" data-id=\"c54af2a\" data-element_type=\"widget\" data-e-type=\"widget\" data-widget_type=\"heading.default\">\n\t\t\t\t<div class=\"elementor-widget-container\">\n\t\t\t\t\t<h3 class=\"elementor-heading-title elementor-size-default\">Moderna och m\u00e5ngsidiga marin-generatorer<\/h3>\t\t\t\t<\/div>\n\t\t\t\t<\/div>\n\t\t\t\t<div class=\"elementor-element elementor-element-4dfa4a1 elementor-widget elementor-widget-text-editor\" data-id=\"4dfa4a1\" data-element_type=\"widget\" data-e-type=\"widget\" data-widget_type=\"text-editor.default\">\n\t\t\t\t<div class=\"elementor-widget-container\">\n\t\t\t\t\t\t\t\t\t<p class=\"translation-block\">Marin-generatorer fr\u00e5n Rehlko \u00e4r tysta, br\u00e4nsleeffektiva och levereras med marknadens mest helt\u00e4ckande garantier. Detta \u00e4r en tillverkare som satsar stort p\u00e5 driftss\u00e4kerhet.<\/p><p>Produktutbudet inkluderar dieseldrivna enheter fr\u00e5n 5 till 500 kW och bensindrivna enheter fr\u00e5n 4 till 8 kW.\u00a0<span style=\"font-size: 17.6px;\">Rehlko<\/span>\u2019s dieselgeneratorer uppfyller de senaste utsl\u00e4ppskraven.<\/p>\t\t\t\t\t\t\t\t<\/div>\n\t\t\t\t<\/div>\n\t\t\t\t<div class=\"elementor-element elementor-element-05e2531 elementor-widget elementor-widget-button\" data-id=\"05e2531\" data-element_type=\"widget\" data-e-type=\"widget\" data-widget_type=\"button.default\">\n\t\t\t\t<div class=\"elementor-widget-container\">\n\t\t\t\t\t\t\t\t\t<div class=\"elementor-button-wrapper\">\n\t\t\t\t\t<a class=\"elementor-button elementor-button-link elementor-size-sm\" href=\"https:\/\/www.dpower.se\/sv\/kontakta-oss\/\">\n\t\t\t\t\t\t<span class=\"elementor-button-content-wrapper\">\n\t\t\t\t\t\t<span class=\"elementor-button-icon\">\n\t\t\t\t<i aria-hidden=\"true\" class=\"fal fa-arrow-right\"><\/i>\t\t\t<\/span>\n\t\t\t\t\t\t\t\t\t<span class=\"elementor-button-text\">Kontakta oss<\/span>\n\t\t\t\t\t<\/span>\n\t\t\t\t\t<\/a>\n\t\t\t\t<\/div>\n\t\t\t\t\t\t\t\t<\/div>\n\t\t\t\t<\/div>\n\t\t\t\t<\/div>\n\t\t<div class=\"elementor-element elementor-element-6b34de4 e-con-full elementor-hidden-mobile e-flex e-con e-child\" data-id=\"6b34de4\" data-element_type=\"container\" data-e-type=\"container\" data-settings=\"{&quot;background_background&quot;:&quot;classic&quot;}\">\n\t\t\t\t<div class=\"elementor-element elementor-element-620e261 dce_masking-none elementor-widget elementor-widget-image\" data-id=\"620e261\" data-element_type=\"widget\" data-e-type=\"widget\" data-widget_type=\"image.default\">\n\t\t\t\t<div class=\"elementor-widget-container\">\n\t\t\t\t\t\t\t\t\t\t\t\t\t\t\t<img fetchpriority=\"high\" decoding=\"async\" width=\"300\" height=\"241\" src=\"https:\/\/www.dpower.se\/wp-content\/uploads\/2023\/08\/Kohler-55EFOZDJ-generatoraggregat-300x241.jpg\" class=\"attachment-medium size-medium wp-image-29203\" alt=\"\" srcset=\"https:\/\/www.dpower.se\/wp-content\/uploads\/2023\/08\/Kohler-55EFOZDJ-generatoraggregat-300x241.jpg 300w, https:\/\/www.dpower.se\/wp-content\/uploads\/2023\/08\/Kohler-55EFOZDJ-generatoraggregat.jpg 334w\" sizes=\"(max-width: 300px) 100vw, 300px\" \/>\t\t\t\t\t\t\t\t\t\t\t\t\t\t\t<\/div>\n\t\t\t\t<\/div>\n\t\t\t\t<\/div>\n\t\t\t\t\t<\/div>\n\t\t\t\t<\/div>\n\t\t<div class=\"elementor-element elementor-element-4c525e2 e-flex e-con-boxed e-con e-parent\" data-id=\"4c525e2\" data-element_type=\"container\" data-e-type=\"container\" data-settings=\"{&quot;background_background&quot;:&quot;classic&quot;}\">\n\t\t\t\t\t<div class=\"e-con-inner\">\n\t\t<div class=\"elementor-element elementor-element-7299c00 e-con-full e-flex e-con e-child\" data-id=\"7299c00\" data-element_type=\"container\" data-e-type=\"container\">\n\t\t\t\t<div class=\"elementor-element elementor-element-55bbfcd dce_masking-none elementor-widget elementor-widget-image\" data-id=\"55bbfcd\" data-element_type=\"widget\" data-e-type=\"widget\" data-widget_type=\"image.default\">\n\t\t\t\t<div class=\"elementor-widget-container\">\n\t\t\t\t\t\t\t\t\t\t\t\t\t\t\t<img decoding=\"async\" width=\"221\" height=\"85\" src=\"https:\/\/www.dpower.se\/wp-content\/uploads\/2024\/08\/Namnlos-design-6-e1723195094706.png\" class=\"attachment-large size-large wp-image-31221\" alt=\"\" \/>\t\t\t\t\t\t\t\t\t\t\t\t\t\t\t<\/div>\n\t\t\t\t<\/div>\n\t\t\t\t<div class=\"elementor-element elementor-element-cd3f83d elementor-widget elementor-widget-heading\" data-id=\"cd3f83d\" data-element_type=\"widget\" data-e-type=\"widget\" data-widget_type=\"heading.default\">\n\t\t\t\t<div class=\"elementor-widget-container\">\n\t\t\t\t\t<h3 class=\"elementor-heading-title elementor-size-default\">Kompakta och br\u00e4nsleeffektiva marin\u00adgeneratorer<\/h3>\t\t\t\t<\/div>\n\t\t\t\t<\/div>\n\t\t\t\t<div class=\"elementor-element elementor-element-ee780ee elementor-widget elementor-widget-text-editor\" data-id=\"ee780ee\" data-element_type=\"widget\" data-e-type=\"widget\" data-widget_type=\"text-editor.default\">\n\t\t\t\t<div class=\"elementor-widget-container\">\n\t\t\t\t\t\t\t\t\t<p>Om du letar efter ett l\u00e4ttk\u00f6rt och p\u00e5litligt generatoraggregat till din b\u00e5t har du just hittat det. Generatoraggregat fr\u00e5n Sol\u00e9 Diesel har en kompakt design, arbetar tyst och ger extremt l\u00e5ga vibrationer \u2013 vilket g\u00f6r dem till ett perfekt val f\u00f6r en m\u00e4ngd fritidsb\u00e5tar d\u00e4r komfort ombord \u00e4r h\u00f6gsta prioritet. De uppfyller dessutom de senaste utsl\u00e4ppskraven.<\/p><p>Sol\u00e9 Diesels generatoraggregat f\u00f6r fritidsb\u00e5tar finns med effektuttag som t\u00e4cker de flesta behov, har 1- eller 3-fasanslutning och kan levereras p\u00e5 ram eller ljudisolerade.<\/p>\t\t\t\t\t\t\t\t<\/div>\n\t\t\t\t<\/div>\n\t\t\t\t<div class=\"elementor-element elementor-element-255729a elementor-widget elementor-widget-button\" data-id=\"255729a\" data-element_type=\"widget\" data-e-type=\"widget\" data-widget_type=\"button.default\">\n\t\t\t\t<div class=\"elementor-widget-container\">\n\t\t\t\t\t\t\t\t\t<div class=\"elementor-button-wrapper\">\n\t\t\t\t\t<a class=\"elementor-button elementor-button-link elementor-size-sm\" href=\"https:\/\/www.dpower.se\/sv\/kontakta-oss\/\">\n\t\t\t\t\t\t<span class=\"elementor-button-content-wrapper\">\n\t\t\t\t\t\t<span class=\"elementor-button-icon\">\n\t\t\t\t<i aria-hidden=\"true\" class=\"fal fa-arrow-right\"><\/i>\t\t\t<\/span>\n\t\t\t\t\t\t\t\t\t<span class=\"elementor-button-text\">Kontakta oss<\/span>\n\t\t\t\t\t<\/span>\n\t\t\t\t\t<\/a>\n\t\t\t\t<\/div>\n\t\t\t\t\t\t\t\t<\/div>\n\t\t\t\t<\/div>\n\t\t\t\t<\/div>\n\t\t<div class=\"elementor-element elementor-element-94cc20b e-con-full elementor-hidden-mobile e-flex e-con e-child\" data-id=\"94cc20b\" data-element_type=\"container\" data-e-type=\"container\" data-settings=\"{&quot;background_background&quot;:&quot;classic&quot;}\">\n\t\t\t\t<div class=\"elementor-element elementor-element-8236d06 dce_masking-none elementor-widget elementor-widget-image\" data-id=\"8236d06\" data-element_type=\"widget\" data-e-type=\"widget\" data-widget_type=\"image.default\">\n\t\t\t\t<div class=\"elementor-widget-container\">\n\t\t\t\t\t\t\t\t\t\t\t\t\t\t\t<img loading=\"lazy\" decoding=\"async\" width=\"300\" height=\"226\" src=\"https:\/\/www.dpower.se\/wp-content\/uploads\/2023\/08\/Sole-Diesel-7GS-e1548154176213-300x226.jpg\" class=\"attachment-medium size-medium wp-image-29204\" alt=\"\" srcset=\"https:\/\/www.dpower.se\/wp-content\/uploads\/2023\/08\/Sole-Diesel-7GS-e1548154176213-300x226.jpg 300w, https:\/\/www.dpower.se\/wp-content\/uploads\/2023\/08\/Sole-Diesel-7GS-e1548154176213-768x579.jpg 768w, https:\/\/www.dpower.se\/wp-content\/uploads\/2023\/08\/Sole-Diesel-7GS-e1548154176213.jpg 800w\" sizes=\"(max-width: 300px) 100vw, 300px\" \/>\t\t\t\t\t\t\t\t\t\t\t\t\t\t\t<\/div>\n\t\t\t\t<\/div>\n\t\t\t\t<\/div>\n\t\t\t\t\t<\/div>\n\t\t\t\t<\/div>\n\t\t\t\t<\/div>","protected":false},"excerpt":{"rendered":"<p>Marine generators you can trust When you choose power generator for your leisure boat, reliability and fuel economy are given priority. Dpower is a distributor for Rehlko Marine and Sol\u00e9 Diesel, two leading manufacturers of quality products that are not only reliable and cheap in operation. Thanks to compact dimensions and robust designs, the marine [&hellip;]<\/p>\n","protected":false},"author":1,"featured_media":0,"parent":26,"menu_order":0,"comment_status":"closed","ping_status":"closed","template":"","meta":{"_acf_changed":false,"footnotes":""},"class_list":["post-29199","page","type-page","status-publish","hentry"],"acf":[],"yoast_head":"<!-- This site is optimized with the Yoast SEO Premium plugin v27.2 (Yoast SEO v27.4) - https:\/\/yoast.com\/product\/yoast-seo-premium-wordpress\/ -->\n<title>Marine Leisure Generators for Boats | Dpower<\/title>\n<meta name=\"description\" content=\"Marine leisure generators from Rehlko Marine and Sol\u00e9 Advance. Generator sets from 4 to 450 kW, available soundproof or on a frame.\" \/>\n<meta name=\"robots\" content=\"index, follow, max-snippet:-1, max-image-preview:large, max-video-preview:-1\" \/>\n<link rel=\"canonical\" href=\"https:\/\/www.dpower.se\/sv\/produkter\/fritidsbatsmotorer\/sjofartsfritidsgeneratorer\/\" \/>\n<meta property=\"og:locale\" content=\"sv_SE\" \/>\n<meta property=\"og:type\" content=\"article\" \/>\n<meta property=\"og:title\" content=\"Generators\" \/>\n<meta property=\"og:description\" content=\"Marine leisure generators from Rehlko Marine and Sol\u00e9 Advance. Generator sets from 4 to 450 kW, available soundproof or on a frame.\" \/>\n<meta property=\"og:url\" content=\"https:\/\/www.dpower.se\/sv\/produkter\/fritidsbatsmotorer\/sjofartsfritidsgeneratorer\/\" \/>\n<meta property=\"og:site_name\" content=\"Dpower\" \/>\n<meta property=\"article:publisher\" content=\"https:\/\/www.facebook.com\/dieselpowerab\" \/>\n<meta property=\"article:modified_time\" content=\"2026-04-01T09:06:16+00:00\" \/>\n<meta property=\"og:image\" content=\"https:\/\/www.dpower.se\/wp-content\/uploads\/2024\/09\/Namnlos-design-34-300x126.png\" \/>\n<meta name=\"twitter:card\" content=\"summary_large_image\" \/>\n<meta name=\"twitter:label1\" content=\"Ber\u00e4knad l\u00e4stid\" \/>\n\t<meta name=\"twitter:data1\" content=\"2 minuter\" \/>\n<script type=\"application\/ld+json\" class=\"yoast-schema-graph\">{\"@context\":\"https:\\\/\\\/schema.org\",\"@graph\":[{\"@type\":\"WebPage\",\"@id\":\"https:\\\/\\\/www.dpower.se\\\/products\\\/marine-leisure-engines\\\/marine-leisure-generators\\\/\",\"url\":\"https:\\\/\\\/www.dpower.se\\\/products\\\/marine-leisure-engines\\\/marine-leisure-generators\\\/\",\"name\":\"Marine Leisure Generators for Boats | Dpower\",\"isPartOf\":{\"@id\":\"https:\\\/\\\/www.dpower.se\\\/#website\"},\"primaryImageOfPage\":{\"@id\":\"https:\\\/\\\/www.dpower.se\\\/products\\\/marine-leisure-engines\\\/marine-leisure-generators\\\/#primaryimage\"},\"image\":{\"@id\":\"https:\\\/\\\/www.dpower.se\\\/products\\\/marine-leisure-engines\\\/marine-leisure-generators\\\/#primaryimage\"},\"thumbnailUrl\":\"https:\\\/\\\/www.dpower.se\\\/wp-content\\\/uploads\\\/2024\\\/09\\\/Namnlos-design-34-300x126.png\",\"datePublished\":\"2023-08-21T06:42:24+00:00\",\"dateModified\":\"2026-04-01T09:06:16+00:00\",\"description\":\"Marine leisure generators from Rehlko Marine and Sol\u00e9 Advance. Generator sets from 4 to 450 kW, available soundproof or on a frame.\",\"breadcrumb\":{\"@id\":\"https:\\\/\\\/www.dpower.se\\\/products\\\/marine-leisure-engines\\\/marine-leisure-generators\\\/#breadcrumb\"},\"inLanguage\":\"sv-SE\",\"potentialAction\":[{\"@type\":\"ReadAction\",\"target\":[\"https:\\\/\\\/www.dpower.se\\\/products\\\/marine-leisure-engines\\\/marine-leisure-generators\\\/\"]}]},{\"@type\":\"ImageObject\",\"inLanguage\":\"sv-SE\",\"@id\":\"https:\\\/\\\/www.dpower.se\\\/products\\\/marine-leisure-engines\\\/marine-leisure-generators\\\/#primaryimage\",\"url\":\"https:\\\/\\\/www.dpower.se\\\/wp-content\\\/uploads\\\/2024\\\/09\\\/Namnlos-design-34-300x126.png\",\"contentUrl\":\"https:\\\/\\\/www.dpower.se\\\/wp-content\\\/uploads\\\/2024\\\/09\\\/Namnlos-design-34-300x126.png\"},{\"@type\":\"BreadcrumbList\",\"@id\":\"https:\\\/\\\/www.dpower.se\\\/products\\\/marine-leisure-engines\\\/marine-leisure-generators\\\/#breadcrumb\",\"itemListElement\":[{\"@type\":\"ListItem\",\"position\":1,\"name\":\"Home\",\"item\":\"https:\\\/\\\/www.dpower.se\\\/\"},{\"@type\":\"ListItem\",\"position\":2,\"name\":\"Products\",\"item\":\"https:\\\/\\\/www.dpower.se\\\/products\\\/\"},{\"@type\":\"ListItem\",\"position\":3,\"name\":\"Marine leisure\",\"item\":\"https:\\\/\\\/www.dpower.se\\\/products\\\/marine-leisure-engines\\\/\"},{\"@type\":\"ListItem\",\"position\":4,\"name\":\"Generators\"}]},{\"@type\":\"WebSite\",\"@id\":\"https:\\\/\\\/www.dpower.se\\\/#website\",\"url\":\"https:\\\/\\\/www.dpower.se\\\/\",\"name\":\"Dpower\",\"description\":\"Delivering power since 1991\",\"publisher\":{\"@id\":\"https:\\\/\\\/www.dpower.se\\\/#organization\"},\"potentialAction\":[{\"@type\":\"SearchAction\",\"target\":{\"@type\":\"EntryPoint\",\"urlTemplate\":\"https:\\\/\\\/www.dpower.se\\\/?s={search_term_string}\"},\"query-input\":{\"@type\":\"PropertyValueSpecification\",\"valueRequired\":true,\"valueName\":\"search_term_string\"}}],\"inLanguage\":\"sv-SE\"},{\"@type\":\"Organization\",\"@id\":\"https:\\\/\\\/www.dpower.se\\\/#organization\",\"name\":\"Dpower AB\",\"url\":\"https:\\\/\\\/www.dpower.se\\\/\",\"logo\":{\"@type\":\"ImageObject\",\"inLanguage\":\"sv-SE\",\"@id\":\"https:\\\/\\\/www.dpower.se\\\/#\\\/schema\\\/logo\\\/image\\\/\",\"url\":\"https:\\\/\\\/www.dpower.se\\\/wp-content\\\/uploads\\\/2023\\\/05\\\/logo.png\",\"contentUrl\":\"https:\\\/\\\/www.dpower.se\\\/wp-content\\\/uploads\\\/2023\\\/05\\\/logo.png\",\"width\":300,\"height\":77,\"caption\":\"Dpower AB\"},\"image\":{\"@id\":\"https:\\\/\\\/www.dpower.se\\\/#\\\/schema\\\/logo\\\/image\\\/\"},\"sameAs\":[\"https:\\\/\\\/www.facebook.com\\\/dieselpowerab\",\"https:\\\/\\\/www.linkedin.com\\\/company\\\/diesel-power-ab\",\"https:\\\/\\\/www.instagram.com\\\/dpowerab\\\/\"]}]}<\/script>\n<!-- \/ Yoast SEO Premium plugin. -->","yoast_head_json":{"title":"Marin fritidsgeneratorer f\u00f6r b\u00e5tar | Dpower","description":"Marin fritidsgeneratorer fr\u00e5n Rehlko Marine och Sol\u00e9 Advance. Generatorkombinationer fr\u00e5n 4 till 450 kW, tillg\u00e4ngliga ljudisolerade eller p\u00e5 ram.","robots":{"index":"index","follow":"follow","max-snippet":"max-snippet:-1","max-image-preview":"max-image-preview:large","max-video-preview":"max-video-preview:-1"},"canonical":"https:\/\/www.dpower.se\/sv\/produkter\/fritidsbatsmotorer\/sjofartsfritidsgeneratorer\/","og_locale":"sv_SE","og_type":"article","og_title":"Generators","og_description":"Marine leisure generators from Rehlko Marine and Sol\u00e9 Advance. Generator sets from 4 to 450 kW, available soundproof or on a frame.","og_url":"https:\/\/www.dpower.se\/sv\/produkter\/fritidsbatsmotorer\/sjofartsfritidsgeneratorer\/","og_site_name":"Dpower","article_publisher":"https:\/\/www.facebook.com\/dieselpowerab","article_modified_time":"2026-04-01T09:06:16+00:00","og_image":[{"url":"https:\/\/www.dpower.se\/wp-content\/uploads\/2024\/09\/Namnlos-design-34-300x126.png","type":"","width":"","height":""}],"twitter_card":"summary_large_image","twitter_misc":{"Ber\u00e4knad l\u00e4stid":"2 minuter"},"schema":{"@context":"https:\/\/schema.org","@graph":[{"@type":"WebPage","@id":"https:\/\/www.dpower.se\/products\/marine-leisure-engines\/marine-leisure-generators\/","url":"https:\/\/www.dpower.se\/products\/marine-leisure-engines\/marine-leisure-generators\/","name":"Marin fritidsgeneratorer f\u00f6r b\u00e5tar | Dpower","isPartOf":{"@id":"https:\/\/www.dpower.se\/#website"},"primaryImageOfPage":{"@id":"https:\/\/www.dpower.se\/products\/marine-leisure-engines\/marine-leisure-generators\/#primaryimage"},"image":{"@id":"https:\/\/www.dpower.se\/products\/marine-leisure-engines\/marine-leisure-generators\/#primaryimage"},"thumbnailUrl":"https:\/\/www.dpower.se\/wp-content\/uploads\/2024\/09\/Namnlos-design-34-300x126.png","datePublished":"2023-08-21T06:42:24+00:00","dateModified":"2026-04-01T09:06:16+00:00","description":"Marin fritidsgeneratorer fr\u00e5n Rehlko Marine och Sol\u00e9 Advance. Generatorkombinationer fr\u00e5n 4 till 450 kW, tillg\u00e4ngliga ljudisolerade eller p\u00e5 ram.","breadcrumb":{"@id":"https:\/\/www.dpower.se\/products\/marine-leisure-engines\/marine-leisure-generators\/#breadcrumb"},"inLanguage":"sv-SE","potentialAction":[{"@type":"ReadAction","target":["https:\/\/www.dpower.se\/products\/marine-leisure-engines\/marine-leisure-generators\/"]}]},{"@type":"ImageObject","inLanguage":"sv-SE","@id":"https:\/\/www.dpower.se\/products\/marine-leisure-engines\/marine-leisure-generators\/#primaryimage","url":"https:\/\/www.dpower.se\/wp-content\/uploads\/2024\/09\/Namnlos-design-34-300x126.png","contentUrl":"https:\/\/www.dpower.se\/wp-content\/uploads\/2024\/09\/Namnlos-design-34-300x126.png"},{"@type":"BreadcrumbList","@id":"https:\/\/www.dpower.se\/products\/marine-leisure-engines\/marine-leisure-generators\/#breadcrumb","itemListElement":[{"@type":"ListItem","position":1,"name":"Home","item":"https:\/\/www.dpower.se\/"},{"@type":"ListItem","position":2,"name":"Products","item":"https:\/\/www.dpower.se\/products\/"},{"@type":"ListItem","position":3,"name":"Marine leisure","item":"https:\/\/www.dpower.se\/products\/marine-leisure-engines\/"},{"@type":"ListItem","position":4,"name":"Generators"}]},{"@type":"WebSite","@id":"https:\/\/www.dpower.se\/#website","url":"https:\/\/www.dpower.se\/","name":"Dpower","description":"Levererar kraft sedan 1991","publisher":{"@id":"https:\/\/www.dpower.se\/#organization"},"potentialAction":[{"@type":"SearchAction","target":{"@type":"EntryPoint","urlTemplate":"https:\/\/www.dpower.se\/?s={search_term_string}"},"query-input":{"@type":"PropertyValueSpecification","valueRequired":true,"valueName":"search_term_string"}}],"inLanguage":"sv-SE"},{"@type":"Organization","@id":"https:\/\/www.dpower.se\/#organization","name":"Dpower AB","url":"https:\/\/www.dpower.se\/","logo":{"@type":"ImageObject","inLanguage":"sv-SE","@id":"https:\/\/www.dpower.se\/#\/schema\/logo\/image\/","url":"https:\/\/www.dpower.se\/wp-content\/uploads\/2023\/05\/logo.png","contentUrl":"https:\/\/www.dpower.se\/wp-content\/uploads\/2023\/05\/logo.png","width":300,"height":77,"caption":"Dpower AB"},"image":{"@id":"https:\/\/www.dpower.se\/#\/schema\/logo\/image\/"},"sameAs":["https:\/\/www.facebook.com\/dieselpowerab","https:\/\/www.linkedin.com\/company\/diesel-power-ab","https:\/\/www.instagram.com\/dpowerab\/"]}]}},"_links":{"self":[{"href":"https:\/\/www.dpower.se\/sv\/wp-json\/wp\/v2\/pages\/29199","targetHints":{"allow":["GET"]}}],"collection":[{"href":"https:\/\/www.dpower.se\/sv\/wp-json\/wp\/v2\/pages"}],"about":[{"href":"https:\/\/www.dpower.se\/sv\/wp-json\/wp\/v2\/types\/page"}],"author":[{"embeddable":true,"href":"https:\/\/www.dpower.se\/sv\/wp-json\/wp\/v2\/users\/1"}],"replies":[{"embeddable":true,"href":"https:\/\/www.dpower.se\/sv\/wp-json\/wp\/v2\/comments?post=29199"}],"version-history":[{"count":19,"href":"https:\/\/www.dpower.se\/sv\/wp-json\/wp\/v2\/pages\/29199\/revisions"}],"predecessor-version":[{"id":31571,"href":"https:\/\/www.dpower.se\/sv\/wp-json\/wp\/v2\/pages\/29199\/revisions\/31571"}],"up":[{"embeddable":true,"href":"https:\/\/www.dpower.se\/sv\/wp-json\/wp\/v2\/pages\/26"}],"wp:attachment":[{"href":"https:\/\/www.dpower.se\/sv\/wp-json\/wp\/v2\/media?parent=29199"}],"curies":[{"name":"wp","href":"https:\/\/api.w.org\/{rel}","templated":true}]}}