{"id":22,"date":"2023-05-22T09:10:21","date_gmt":"2023-05-22T09:10:21","guid":{"rendered":"https:\/\/staging.dpower.se\/?page_id=22"},"modified":"2025-12-30T08:52:37","modified_gmt":"2025-12-30T07:52:37","slug":"marina-kommersiella-tillampningar","status":"publish","type":"page","link":"http:\/\/www.dpower.se\/sv\/products\/marine-commercial-applications\/","title":{"rendered":"Marin kommersiell"},"content":{"rendered":"\t\t<div data-elementor-type=\"wp-page\" data-elementor-id=\"22\" class=\"elementor elementor-22\" data-elementor-post-type=\"page\">\n\t\t\t\t<div class=\"elementor-element elementor-element-ceac0b7 e-flex e-con-boxed e-con e-parent\" data-id=\"ceac0b7\" data-element_type=\"container\" data-e-type=\"container\">\n\t\t\t\t\t<div class=\"e-con-inner\">\n\t\t<div class=\"elementor-element elementor-element-5f5825a e-con-full e-flex e-con e-child\" data-id=\"5f5825a\" data-element_type=\"container\" data-e-type=\"container\">\n\t\t\t\t<div class=\"elementor-element elementor-element-f3684fb elementor-widget elementor-widget-heading\" data-id=\"f3684fb\" data-element_type=\"widget\" data-e-type=\"widget\" data-widget_type=\"heading.default\">\n\t\t\t\t<div class=\"elementor-widget-container\">\n\t\t\t\t\t<h2 class=\"elementor-heading-title elementor-size-default\">Engines for propulsion, power supply and electricity in marine commercial applications<\/h2>\t\t\t\t<\/div>\n\t\t\t\t<\/div>\n\t\t\t\t<div class=\"elementor-element elementor-element-6a66278 elementor-widget elementor-widget-text-editor\" data-id=\"6a66278\" data-element_type=\"widget\" data-e-type=\"widget\" data-widget_type=\"text-editor.default\">\n\t\t\t\t<div class=\"elementor-widget-container\">\n\t\t\t\t\t\t\t\t\t<p>With engines from 50 \u2013 2,400 hp, Dpower offers a wide range of propulsion systems, propulsion engines, auxiliary equipment and complete marine generator sets for professional shipping.<\/p><p>We can tailor the solution that is optimal for a wide variety of vessels and duties.<\/p>\t\t\t\t\t\t\t\t<\/div>\n\t\t\t\t<\/div>\n\t\t\t\t<\/div>\n\t\t<div class=\"elementor-element elementor-element-22a33f7 e-con-full e-flex e-con e-child\" data-id=\"22a33f7\" data-element_type=\"container\" data-e-type=\"container\">\n\t\t\t\t<div class=\"elementor-element elementor-element-76a7d53 elementor-cta--skin-classic elementor-animated-content elementor-bg-transform elementor-bg-transform-zoom-in elementor-widget elementor-widget-call-to-action\" data-id=\"76a7d53\" data-element_type=\"widget\" data-e-type=\"widget\" data-widget_type=\"call-to-action.default\">\n\t\t\t\t<div class=\"elementor-widget-container\">\n\t\t\t\t\t\t\t<div class=\"elementor-cta\">\n\t\t\t\t\t<div class=\"elementor-cta__bg-wrapper\">\n\t\t\t\t<div class=\"elementor-cta__bg elementor-bg\" style=\"background-image: url(https:\/\/www.dpower.se\/wp-content\/uploads\/2024\/05\/MAN-twin-engines-1024x448.jpg);\" role=\"img\" aria-label=\"MAN twin engines\"><\/div>\n\t\t\t\t<div class=\"elementor-cta__bg-overlay\"><\/div>\n\t\t\t<\/div>\n\t\t\t\t\t\t\t<div class=\"elementor-cta__content\">\n\t\t\t\t\n\t\t\t\t\t\t\t\t\t<h2 class=\"elementor-cta__title elementor-cta__content-item elementor-content-item\">\n\t\t\t\t\t\t<div class=\"flex max-w-full flex-col flex-grow\"><div data-message-author-role=\"assistant\" data-message-id=\"2a10ce22-24c7-4d62-8973-e9b7dd257e7a\" dir=\"auto\" class=\"min-h-[20px] text-message flex w-full flex-col items-end gap-2 whitespace-pre-wrap break-words [.text-message+&amp;]:mt-5 overflow-x-auto\"><div class=\"flex w-full flex-col gap-1 empty:hidden first:pt-[3px]\"><div class=\"markdown prose w-full break-words dark:prose-invert light\"><p>To get in touch with Marine Commercial at Dpower, please use the button below.<span style=\"font-family: var( --e-global-typography-primary-font-family ), Sans-serif;font-weight: var( --e-global-typography-primary-font-weight )\"><\/span><\/p><\/div><\/div><\/div><\/div>\t\t\t\t\t<\/h2>\n\t\t\t\t\n\t\t\t\t\n\t\t\t\t\t\t\t\t\t<div class=\"elementor-cta__button-wrapper elementor-cta__content-item elementor-content-item \">\n\t\t\t\t\t<a class=\"elementor-cta__button elementor-button elementor-size-\" href=\"https:\/\/www.dpower.se\/contact-us\/\">\n\t\t\t\t\t\tClick Here\t\t\t\t\t<\/a>\n\t\t\t\t\t<\/div>\n\t\t\t\t\t\t\t<\/div>\n\t\t\t\t\t\t<\/div>\n\t\t\t\t\t\t<\/div>\n\t\t\t\t<\/div>\n\t\t\t\t<\/div>\n\t\t\t\t\t<\/div>\n\t\t\t\t<\/div>\n\t\t<div class=\"elementor-element elementor-element-0f717b6 e-flex e-con-boxed e-con e-parent\" data-id=\"0f717b6\" data-element_type=\"container\" data-e-type=\"container\" data-settings=\"{&quot;background_background&quot;:&quot;classic&quot;}\">\n\t\t\t\t\t<div class=\"e-con-inner\">\n\t\t<div class=\"elementor-element elementor-element-1c20bc3 e-con-full e-flex e-con e-child\" data-id=\"1c20bc3\" data-element_type=\"container\" data-e-type=\"container\">\n\t\t\t\t<div class=\"elementor-element elementor-element-4fb77cb elementor-widget elementor-widget-heading\" data-id=\"4fb77cb\" data-element_type=\"widget\" data-e-type=\"widget\" data-widget_type=\"heading.default\">\n\t\t\t\t<div class=\"elementor-widget-container\">\n\t\t\t\t\t<h2 class=\"elementor-heading-title elementor-size-default\">Products from the market leaders<\/h2>\t\t\t\t<\/div>\n\t\t\t\t<\/div>\n\t\t\t\t<div class=\"elementor-element elementor-element-9abb424 elementor-widget elementor-widget-text-editor\" data-id=\"9abb424\" data-element_type=\"widget\" data-e-type=\"widget\" data-widget_type=\"text-editor.default\">\n\t\t\t\t<div class=\"elementor-widget-container\">\n\t\t\t\t\t\t\t\t\t<p>These manufacturers\u2019 engine programs complement each other well, and their products meet the highest quality standards.<\/p>\t\t\t\t\t\t\t\t<\/div>\n\t\t\t\t<\/div>\n\t\t\t\t<\/div>\n\t\t<div class=\"elementor-element elementor-element-e50a796 e-con-full e-grid e-con e-child\" data-id=\"e50a796\" data-element_type=\"container\" data-e-type=\"container\">\n\t\t\t\t<div class=\"elementor-element elementor-element-11aa3c8 dce_masking-none elementor-widget elementor-widget-image\" data-id=\"11aa3c8\" data-element_type=\"widget\" data-e-type=\"widget\" data-widget_type=\"image.default\">\n\t\t\t\t<div class=\"elementor-widget-container\">\n\t\t\t\t\t\t\t\t\t\t\t\t\t\t\t\t<a href=\"https:\/\/www.dpower.se\/products\/marine-commercial-applications\/engines\/john-deere\/\">\n\t\t\t\t\t\t\t<img decoding=\"async\" width=\"130\" height=\"49\" src=\"https:\/\/www.dpower.se\/wp-content\/uploads\/2023\/05\/johndeere.png\" class=\"attachment-large size-large wp-image-100\" alt=\"\" \/>\t\t\t\t\t\t\t\t<\/a>\n\t\t\t\t\t\t\t\t\t\t\t\t\t\t\t<\/div>\n\t\t\t\t<\/div>\n\t\t\t\t<div class=\"elementor-element elementor-element-5c1cd4d dce_masking-none elementor-widget elementor-widget-image\" data-id=\"5c1cd4d\" data-element_type=\"widget\" data-e-type=\"widget\" data-widget_type=\"image.default\">\n\t\t\t\t<div class=\"elementor-widget-container\">\n\t\t\t\t\t\t\t\t\t\t\t\t\t\t\t\t<a href=\"https:\/\/www.dpower.se\/products\/marine-commercial-applications\/engines\/man\/\">\n\t\t\t\t\t\t\t<img decoding=\"async\" width=\"87\" height=\"49\" src=\"https:\/\/www.dpower.se\/wp-content\/uploads\/2023\/05\/man.png\" class=\"attachment-large size-large wp-image-102\" alt=\"\" \/>\t\t\t\t\t\t\t\t<\/a>\n\t\t\t\t\t\t\t\t\t\t\t\t\t\t\t<\/div>\n\t\t\t\t<\/div>\n\t\t\t\t<div class=\"elementor-element elementor-element-df47fba dce_masking-none elementor-widget elementor-widget-image\" data-id=\"df47fba\" data-element_type=\"widget\" data-e-type=\"widget\" data-widget_type=\"image.default\">\n\t\t\t\t<div class=\"elementor-widget-container\">\n\t\t\t\t\t\t\t\t\t\t\t\t\t\t\t\t<a href=\"https:\/\/www.dpower.se\/products\/marine-commercial-applications\/engines\/neander-marine\/\">\n\t\t\t\t\t\t\t<img decoding=\"async\" src=\"https:\/\/www.dpower.se\/wp-content\/uploads\/elementor\/thumbs\/Neander-Motors1-qem2swqcdloouf8xxvvfiv5vu91qcp8qsu45cxfq64.jpg\" title=\"Neander Motors_Idenfitifer_CMYK\" alt=\"Neander Motors_Idenfitifer_CMYK\" loading=\"lazy\" \/>\t\t\t\t\t\t\t\t<\/a>\n\t\t\t\t\t\t\t\t\t\t\t\t\t\t\t<\/div>\n\t\t\t\t<\/div>\n\t\t\t\t<div class=\"elementor-element elementor-element-ebcb8fc dce_masking-none elementor-widget elementor-widget-image\" data-id=\"ebcb8fc\" data-element_type=\"widget\" data-e-type=\"widget\" data-widget_type=\"image.default\">\n\t\t\t\t<div class=\"elementor-widget-container\">\n\t\t\t\t\t\t\t\t\t\t\t\t\t\t\t\t<a href=\"https:\/\/www.dpower.se\/products\/marine-commercial-applications\/engines\/cox\/\">\n\t\t\t\t\t\t\t<img decoding=\"async\" width=\"126\" height=\"49\" src=\"https:\/\/www.dpower.se\/wp-content\/uploads\/2023\/05\/coz.png\" class=\"attachment-large size-large wp-image-97\" alt=\"\" \/>\t\t\t\t\t\t\t\t<\/a>\n\t\t\t\t\t\t\t\t\t\t\t\t\t\t\t<\/div>\n\t\t\t\t<\/div>\n\t\t\t\t<div class=\"elementor-element elementor-element-9da29f5 dce_masking-none elementor-widget elementor-widget-image\" data-id=\"9da29f5\" data-element_type=\"widget\" data-e-type=\"widget\" data-widget_type=\"image.default\">\n\t\t\t\t<div class=\"elementor-widget-container\">\n\t\t\t\t\t\t\t\t\t\t\t\t\t\t\t\t<a href=\"https:\/\/www.dpower.se\/products\/marine-commercial-applications\/marine-commercial-generators\/rehlko-marine-generators\/\">\n\t\t\t\t\t\t\t<img loading=\"lazy\" decoding=\"async\" width=\"300\" height=\"126\" src=\"https:\/\/www.dpower.se\/wp-content\/uploads\/2024\/09\/Namnlos-design-34-300x126.png\" class=\"attachment-medium size-medium wp-image-31553\" alt=\"\" srcset=\"https:\/\/www.dpower.se\/wp-content\/uploads\/2024\/09\/Namnlos-design-34-300x126.png 300w, https:\/\/www.dpower.se\/wp-content\/uploads\/2024\/09\/Namnlos-design-34-1024x430.png 1024w, https:\/\/www.dpower.se\/wp-content\/uploads\/2024\/09\/Namnlos-design-34-768x322.png 768w, https:\/\/www.dpower.se\/wp-content\/uploads\/2024\/09\/Namnlos-design-34-1536x644.png 1536w, https:\/\/www.dpower.se\/wp-content\/uploads\/2024\/09\/Namnlos-design-34.png 2048w\" sizes=\"(max-width: 300px) 100vw, 300px\" \/>\t\t\t\t\t\t\t\t<\/a>\n\t\t\t\t\t\t\t\t\t\t\t\t\t\t\t<\/div>\n\t\t\t\t<\/div>\n\t\t\t\t<div class=\"elementor-element elementor-element-6d4f5aa dce_masking-none elementor-widget elementor-widget-image\" data-id=\"6d4f5aa\" data-element_type=\"widget\" data-e-type=\"widget\" data-widget_type=\"image.default\">\n\t\t\t\t<div class=\"elementor-widget-container\">\n\t\t\t\t\t\t\t\t\t\t\t\t\t\t\t\t<a href=\"https:\/\/www.dpower.se\/products\/marine-commercial-applications\/marine-commercial-generators\/sole-diesel-marine-generators\/\">\n\t\t\t\t\t\t\t<img loading=\"lazy\" decoding=\"async\" width=\"300\" height=\"139\" src=\"https:\/\/www.dpower.se\/wp-content\/uploads\/2024\/08\/Namnlos-design-6-300x139.png\" class=\"attachment-medium size-medium wp-image-31221\" alt=\"\" \/>\t\t\t\t\t\t\t\t<\/a>\n\t\t\t\t\t\t\t\t\t\t\t\t\t\t\t<\/div>\n\t\t\t\t<\/div>\n\t\t\t\t<\/div>\n\t\t\t\t\t<\/div>\n\t\t\t\t<\/div>\n\t\t<div class=\"elementor-element elementor-element-3a43098 e-flex e-con-boxed e-con e-parent\" data-id=\"3a43098\" data-element_type=\"container\" data-e-type=\"container\" data-settings=\"{&quot;background_background&quot;:&quot;classic&quot;}\">\n\t\t\t\t\t<div class=\"e-con-inner\">\n\t\t<div class=\"elementor-element elementor-element-98eabcd e-con-full e-flex e-con e-child\" data-id=\"98eabcd\" data-element_type=\"container\" data-e-type=\"container\">\n\t\t\t\t<div class=\"elementor-element elementor-element-901c566 dce_masking-none elementor-widget elementor-widget-image\" data-id=\"901c566\" data-element_type=\"widget\" data-e-type=\"widget\" data-widget_type=\"image.default\">\n\t\t\t\t<div class=\"elementor-widget-container\">\n\t\t\t\t\t\t\t\t\t\t\t\t\t\t\t<img loading=\"lazy\" decoding=\"async\" width=\"800\" height=\"533\" src=\"https:\/\/www.dpower.se\/wp-content\/uploads\/2023\/09\/dpower-customer-satisfaction-1024x682.jpg\" class=\"attachment-large size-large wp-image-29367\" alt=\"\" srcset=\"https:\/\/www.dpower.se\/wp-content\/uploads\/2023\/09\/dpower-customer-satisfaction-1024x682.jpg 1024w, https:\/\/www.dpower.se\/wp-content\/uploads\/2023\/09\/dpower-customer-satisfaction-300x200.jpg 300w, https:\/\/www.dpower.se\/wp-content\/uploads\/2023\/09\/dpower-customer-satisfaction-768x511.jpg 768w, https:\/\/www.dpower.se\/wp-content\/uploads\/2023\/09\/dpower-customer-satisfaction-1536x1022.jpg 1536w, https:\/\/www.dpower.se\/wp-content\/uploads\/2023\/09\/dpower-customer-satisfaction.jpg 1600w\" sizes=\"(max-width: 800px) 100vw, 800px\" \/>\t\t\t\t\t\t\t\t\t\t\t\t\t\t\t<\/div>\n\t\t\t\t<\/div>\n\t\t\t\t<\/div>\n\t\t<div class=\"elementor-element elementor-element-62ff1cd e-con-full e-flex e-con e-child\" data-id=\"62ff1cd\" data-element_type=\"container\" data-e-type=\"container\">\n\t\t\t\t<div class=\"elementor-element elementor-element-e409262 elementor-widget elementor-widget-heading\" data-id=\"e409262\" data-element_type=\"widget\" data-e-type=\"widget\" data-widget_type=\"heading.default\">\n\t\t\t\t<div class=\"elementor-widget-container\">\n\t\t\t\t\t<h2 class=\"elementor-heading-title elementor-size-default\"><div><div><div><div><p>Reliable engine solutions for Marine Commercial applications<span><\/span><\/p><\/div><\/div><\/div><\/div><\/h2>\t\t\t\t<\/div>\n\t\t\t\t<\/div>\n\t\t\t\t<div class=\"elementor-element elementor-element-a78a144 elementor-widget elementor-widget-text-editor\" data-id=\"a78a144\" data-element_type=\"widget\" data-e-type=\"widget\" data-widget_type=\"text-editor.default\">\n\t\t\t\t<div class=\"elementor-widget-container\">\n\t\t\t\t\t\t\t\t\t<p>At Dpower, we leverage our extensive engine expertise to offer you proven solutions tailored to your needs. Our team is ready to provide expert advice and support at every step of the process.\u00a0<\/p><p>With years of experience in delivering fuel-efficient, reliable, and adaptable engines for marine commercial applications, we work closely with you to ensure optimal performance. Additionally, we offer ongoing service and maintenance through our skilled mechanics, ensuring your engines run smoothly and efficiently.<\/p><p>Our engines are designed to meet the latest environmental standards, ensuring compliance and sustainability.<\/p><p><span style=\"font-family: var( --e-global-typography-text-font-family ), Sans-serif; font-size: var( --e-global-typography-text-font-size ); font-weight: var( --e-global-typography-text-font-weight ); text-align: var(--text-align);\">Learn more about our Marine Commercial services or contact Peter Thorne, Sales Manager Commercial Marine, at <\/span><span style=\"font-family: var( --e-global-typography-text-font-family ), Sans-serif;\"><span style=\"font-weight: var( --e-global-typography-text-font-weight ); text-align: var(--text-align); background-color: #ffffff;\"><a href=\"mailto:peter.thorne@dpower.se\">peter.thorne@dpower.se<\/a><\/span><\/span><span style=\"font-family: var( --e-global-typography-text-font-family ), Sans-serif; font-size: var( --e-global-typography-text-font-size ); font-weight: var( --e-global-typography-text-font-weight ); text-align: var(--text-align);\">.<\/span><\/p>\t\t\t\t\t\t\t\t<\/div>\n\t\t\t\t<\/div>\n\t\t\t\t<\/div>\n\t\t\t\t\t<\/div>\n\t\t\t\t<\/div>\n\t\t\t\t<\/div>\n\t\t","protected":false},"excerpt":{"rendered":"<p>Engines for propulsion, power supply and electricity in marine commercial applications With engines from 50 \u2013 2,400 hp, Dpower offers a wide range of propulsion systems, propulsion engines, auxiliary equipment and complete marine generator sets for professional shipping. We can tailor the solution that is optimal for a wide variety of vessels and duties. To [&hellip;]<\/p>\n","protected":false},"author":1,"featured_media":77,"parent":40,"menu_order":0,"comment_status":"closed","ping_status":"closed","template":"","meta":{"_acf_changed":false,"footnotes":""},"class_list":["post-22","page","type-page","status-publish","has-post-thumbnail","hentry"],"acf":[],"yoast_head":"<!-- This site is optimized with the Yoast SEO Premium plugin v27.2 (Yoast SEO v27.4) - https:\/\/yoast.com\/product\/yoast-seo-premium-wordpress\/ -->\n<title>Marine commercial applications | Dpower marine engines<\/title>\n<meta name=\"description\" content=\"Marine commercial applications with Dpower \u2013 engines and generator sets for propulsion, power supply and electricity in professional vessels.\" \/>\n<meta name=\"robots\" content=\"index, follow, max-snippet:-1, max-image-preview:large, max-video-preview:-1\" \/>\n<link rel=\"canonical\" href=\"https:\/\/www.dpower.se\/sv\/produkter\/marina-kommersiella-tillampningar\/\" \/>\n<meta property=\"og:locale\" content=\"sv_SE\" \/>\n<meta property=\"og:type\" content=\"article\" \/>\n<meta property=\"og:title\" content=\"Marine commercial\" \/>\n<meta property=\"og:description\" content=\"Marine commercial applications with Dpower \u2013 engines and generator sets for propulsion, power supply and electricity in professional vessels.\" \/>\n<meta property=\"og:url\" content=\"https:\/\/www.dpower.se\/sv\/produkter\/marina-kommersiella-tillampningar\/\" \/>\n<meta property=\"og:site_name\" content=\"Dpower\" \/>\n<meta property=\"article:publisher\" content=\"https:\/\/www.facebook.com\/dieselpowerab\" \/>\n<meta property=\"article:modified_time\" content=\"2025-12-30T07:52:37+00:00\" \/>\n<meta property=\"og:image\" content=\"https:\/\/www.dpower.se\/wp-content\/uploads\/2023\/05\/boat-bg.jpg\" \/>\n\t<meta property=\"og:image:width\" content=\"1500\" \/>\n\t<meta property=\"og:image:height\" content=\"935\" \/>\n\t<meta property=\"og:image:type\" content=\"image\/jpeg\" \/>\n<meta name=\"twitter:card\" content=\"summary_large_image\" \/>\n<meta name=\"twitter:label1\" content=\"Ber\u00e4knad l\u00e4stid\" \/>\n\t<meta name=\"twitter:data1\" content=\"3 minuter\" \/>\n<script type=\"application\/ld+json\" class=\"yoast-schema-graph\">{\"@context\":\"https:\\\/\\\/schema.org\",\"@graph\":[{\"@type\":\"WebPage\",\"@id\":\"https:\\\/\\\/www.dpower.se\\\/products\\\/marine-commercial-applications\\\/\",\"url\":\"https:\\\/\\\/www.dpower.se\\\/products\\\/marine-commercial-applications\\\/\",\"name\":\"Marine commercial applications | Dpower marine engines\",\"isPartOf\":{\"@id\":\"https:\\\/\\\/www.dpower.se\\\/#website\"},\"primaryImageOfPage\":{\"@id\":\"https:\\\/\\\/www.dpower.se\\\/products\\\/marine-commercial-applications\\\/#primaryimage\"},\"image\":{\"@id\":\"https:\\\/\\\/www.dpower.se\\\/products\\\/marine-commercial-applications\\\/#primaryimage\"},\"thumbnailUrl\":\"https:\\\/\\\/www.dpower.se\\\/wp-content\\\/uploads\\\/2023\\\/05\\\/boat-bg.jpg\",\"datePublished\":\"2023-05-22T09:10:21+00:00\",\"dateModified\":\"2025-12-30T07:52:37+00:00\",\"description\":\"Marine commercial applications with Dpower \u2013 engines and generator sets for propulsion, power supply and electricity in professional vessels.\",\"breadcrumb\":{\"@id\":\"https:\\\/\\\/www.dpower.se\\\/products\\\/marine-commercial-applications\\\/#breadcrumb\"},\"inLanguage\":\"sv-SE\",\"potentialAction\":[{\"@type\":\"ReadAction\",\"target\":[\"https:\\\/\\\/www.dpower.se\\\/products\\\/marine-commercial-applications\\\/\"]}]},{\"@type\":\"ImageObject\",\"inLanguage\":\"sv-SE\",\"@id\":\"https:\\\/\\\/www.dpower.se\\\/products\\\/marine-commercial-applications\\\/#primaryimage\",\"url\":\"https:\\\/\\\/www.dpower.se\\\/wp-content\\\/uploads\\\/2023\\\/05\\\/boat-bg.jpg\",\"contentUrl\":\"https:\\\/\\\/www.dpower.se\\\/wp-content\\\/uploads\\\/2023\\\/05\\\/boat-bg.jpg\",\"width\":1500,\"height\":935},{\"@type\":\"BreadcrumbList\",\"@id\":\"https:\\\/\\\/www.dpower.se\\\/products\\\/marine-commercial-applications\\\/#breadcrumb\",\"itemListElement\":[{\"@type\":\"ListItem\",\"position\":1,\"name\":\"Home\",\"item\":\"https:\\\/\\\/www.dpower.se\\\/\"},{\"@type\":\"ListItem\",\"position\":2,\"name\":\"Products\",\"item\":\"https:\\\/\\\/www.dpower.se\\\/products\\\/\"},{\"@type\":\"ListItem\",\"position\":3,\"name\":\"Marine commercial\"}]},{\"@type\":\"WebSite\",\"@id\":\"https:\\\/\\\/www.dpower.se\\\/#website\",\"url\":\"https:\\\/\\\/www.dpower.se\\\/\",\"name\":\"Dpower\",\"description\":\"Delivering power since 1991\",\"publisher\":{\"@id\":\"https:\\\/\\\/www.dpower.se\\\/#organization\"},\"potentialAction\":[{\"@type\":\"SearchAction\",\"target\":{\"@type\":\"EntryPoint\",\"urlTemplate\":\"https:\\\/\\\/www.dpower.se\\\/?s={search_term_string}\"},\"query-input\":{\"@type\":\"PropertyValueSpecification\",\"valueRequired\":true,\"valueName\":\"search_term_string\"}}],\"inLanguage\":\"sv-SE\"},{\"@type\":\"Organization\",\"@id\":\"https:\\\/\\\/www.dpower.se\\\/#organization\",\"name\":\"Dpower AB\",\"url\":\"https:\\\/\\\/www.dpower.se\\\/\",\"logo\":{\"@type\":\"ImageObject\",\"inLanguage\":\"sv-SE\",\"@id\":\"https:\\\/\\\/www.dpower.se\\\/#\\\/schema\\\/logo\\\/image\\\/\",\"url\":\"https:\\\/\\\/www.dpower.se\\\/wp-content\\\/uploads\\\/2023\\\/05\\\/logo.png\",\"contentUrl\":\"https:\\\/\\\/www.dpower.se\\\/wp-content\\\/uploads\\\/2023\\\/05\\\/logo.png\",\"width\":300,\"height\":77,\"caption\":\"Dpower AB\"},\"image\":{\"@id\":\"https:\\\/\\\/www.dpower.se\\\/#\\\/schema\\\/logo\\\/image\\\/\"},\"sameAs\":[\"https:\\\/\\\/www.facebook.com\\\/dieselpowerab\",\"https:\\\/\\\/www.linkedin.com\\\/company\\\/diesel-power-ab\",\"https:\\\/\\\/www.instagram.com\\\/dpowerab\\\/\"]}]}<\/script>\n<!-- \/ Yoast SEO Premium plugin. -->","yoast_head_json":{"title":"Kommersiella marina applikationer | Dpower marinmotorer","description":"Marina kommersiella applikationer med Dpower - motorer och generatoraggregat f\u00f6r framdrivning, kraftf\u00f6rs\u00f6rjning och el i yrkesfartyg.","robots":{"index":"index","follow":"follow","max-snippet":"max-snippet:-1","max-image-preview":"max-image-preview:large","max-video-preview":"max-video-preview:-1"},"canonical":"https:\/\/www.dpower.se\/sv\/produkter\/marina-kommersiella-tillampningar\/","og_locale":"sv_SE","og_type":"article","og_title":"Marine commercial","og_description":"Marine commercial applications with Dpower \u2013 engines and generator sets for propulsion, power supply and electricity in professional vessels.","og_url":"https:\/\/www.dpower.se\/sv\/produkter\/marina-kommersiella-tillampningar\/","og_site_name":"Dpower","article_publisher":"https:\/\/www.facebook.com\/dieselpowerab","article_modified_time":"2025-12-30T07:52:37+00:00","og_image":[{"width":1500,"height":935,"url":"https:\/\/www.dpower.se\/wp-content\/uploads\/2023\/05\/boat-bg.jpg","type":"image\/jpeg"}],"twitter_card":"summary_large_image","twitter_misc":{"Ber\u00e4knad l\u00e4stid":"3 minuter"},"schema":{"@context":"https:\/\/schema.org","@graph":[{"@type":"WebPage","@id":"https:\/\/www.dpower.se\/products\/marine-commercial-applications\/","url":"https:\/\/www.dpower.se\/products\/marine-commercial-applications\/","name":"Kommersiella marina applikationer | Dpower marinmotorer","isPartOf":{"@id":"https:\/\/www.dpower.se\/#website"},"primaryImageOfPage":{"@id":"https:\/\/www.dpower.se\/products\/marine-commercial-applications\/#primaryimage"},"image":{"@id":"https:\/\/www.dpower.se\/products\/marine-commercial-applications\/#primaryimage"},"thumbnailUrl":"https:\/\/www.dpower.se\/wp-content\/uploads\/2023\/05\/boat-bg.jpg","datePublished":"2023-05-22T09:10:21+00:00","dateModified":"2025-12-30T07:52:37+00:00","description":"Marina kommersiella applikationer med Dpower - motorer och generatoraggregat f\u00f6r framdrivning, kraftf\u00f6rs\u00f6rjning och el i yrkesfartyg.","breadcrumb":{"@id":"https:\/\/www.dpower.se\/products\/marine-commercial-applications\/#breadcrumb"},"inLanguage":"sv-SE","potentialAction":[{"@type":"ReadAction","target":["https:\/\/www.dpower.se\/products\/marine-commercial-applications\/"]}]},{"@type":"ImageObject","inLanguage":"sv-SE","@id":"https:\/\/www.dpower.se\/products\/marine-commercial-applications\/#primaryimage","url":"https:\/\/www.dpower.se\/wp-content\/uploads\/2023\/05\/boat-bg.jpg","contentUrl":"https:\/\/www.dpower.se\/wp-content\/uploads\/2023\/05\/boat-bg.jpg","width":1500,"height":935},{"@type":"BreadcrumbList","@id":"https:\/\/www.dpower.se\/products\/marine-commercial-applications\/#breadcrumb","itemListElement":[{"@type":"ListItem","position":1,"name":"Home","item":"https:\/\/www.dpower.se\/"},{"@type":"ListItem","position":2,"name":"Products","item":"https:\/\/www.dpower.se\/products\/"},{"@type":"ListItem","position":3,"name":"Marine commercial"}]},{"@type":"WebSite","@id":"https:\/\/www.dpower.se\/#website","url":"https:\/\/www.dpower.se\/","name":"Dpower","description":"Levererar kraft sedan 1991","publisher":{"@id":"https:\/\/www.dpower.se\/#organization"},"potentialAction":[{"@type":"SearchAction","target":{"@type":"EntryPoint","urlTemplate":"https:\/\/www.dpower.se\/?s={search_term_string}"},"query-input":{"@type":"PropertyValueSpecification","valueRequired":true,"valueName":"search_term_string"}}],"inLanguage":"sv-SE"},{"@type":"Organization","@id":"https:\/\/www.dpower.se\/#organization","name":"Dpower AB","url":"https:\/\/www.dpower.se\/","logo":{"@type":"ImageObject","inLanguage":"sv-SE","@id":"https:\/\/www.dpower.se\/#\/schema\/logo\/image\/","url":"https:\/\/www.dpower.se\/wp-content\/uploads\/2023\/05\/logo.png","contentUrl":"https:\/\/www.dpower.se\/wp-content\/uploads\/2023\/05\/logo.png","width":300,"height":77,"caption":"Dpower AB"},"image":{"@id":"https:\/\/www.dpower.se\/#\/schema\/logo\/image\/"},"sameAs":["https:\/\/www.facebook.com\/dieselpowerab","https:\/\/www.linkedin.com\/company\/diesel-power-ab","https:\/\/www.instagram.com\/dpowerab\/"]}]}},"_links":{"self":[{"href":"http:\/\/www.dpower.se\/sv\/wp-json\/wp\/v2\/pages\/22","targetHints":{"allow":["GET"]}}],"collection":[{"href":"http:\/\/www.dpower.se\/sv\/wp-json\/wp\/v2\/pages"}],"about":[{"href":"http:\/\/www.dpower.se\/sv\/wp-json\/wp\/v2\/types\/page"}],"author":[{"embeddable":true,"href":"http:\/\/www.dpower.se\/sv\/wp-json\/wp\/v2\/users\/1"}],"replies":[{"embeddable":true,"href":"http:\/\/www.dpower.se\/sv\/wp-json\/wp\/v2\/comments?post=22"}],"version-history":[{"count":56,"href":"http:\/\/www.dpower.se\/sv\/wp-json\/wp\/v2\/pages\/22\/revisions"}],"predecessor-version":[{"id":32305,"href":"http:\/\/www.dpower.se\/sv\/wp-json\/wp\/v2\/pages\/22\/revisions\/32305"}],"up":[{"embeddable":true,"href":"http:\/\/www.dpower.se\/sv\/wp-json\/wp\/v2\/pages\/40"}],"wp:featuredmedia":[{"embeddable":true,"href":"http:\/\/www.dpower.se\/sv\/wp-json\/wp\/v2\/media\/77"}],"wp:attachment":[{"href":"http:\/\/www.dpower.se\/sv\/wp-json\/wp\/v2\/media?parent=22"}],"curies":[{"name":"wp","href":"https:\/\/api.w.org\/{rel}","templated":true}]}}